{"id":86,"date":"2022-02-25T21:48:44","date_gmt":"2022-02-25T21:48:44","guid":{"rendered":"https:\/\/climactic.fpce.up.pt\/?page_id=86"},"modified":"2022-07-21T00:27:44","modified_gmt":"2022-07-21T00:27:44","slug":"ciclilabs","status":"publish","type":"page","link":"https:\/\/climactic.fpce.up.pt\/en\/ciclilabs\/","title":{"rendered":"Ciclilabs"},"content":{"rendered":"\t\t<div data-elementor-type=\"wp-page\" data-elementor-id=\"86\" class=\"elementor elementor-86\" data-elementor-post-type=\"page\">\n\t\t\t\t\t\t<section class=\"has_eae_slider elementor-section elementor-top-section elementor-element elementor-element-cf01962 elementor-section-boxed elementor-section-height-default elementor-section-height-default\" data-eae-slider=\"32443\" data-id=\"cf01962\" data-element_type=\"section\" data-e-type=\"section\">\n\t\t\t\t\t\t<div class=\"elementor-container elementor-column-gap-default\">\n\t\t\t\t\t<div class=\"has_eae_slider elementor-column elementor-col-100 elementor-top-column elementor-element elementor-element-07f999b\" data-eae-slider=\"51434\" data-id=\"07f999b\" data-element_type=\"column\" data-e-type=\"column\">\n\t\t\t<div class=\"elementor-widget-wrap elementor-element-populated\">\n\t\t\t\t\t\t<div class=\"elementor-element elementor-element-4e7ce3b elementor-widget elementor-widget-heading\" data-id=\"4e7ce3b\" data-element_type=\"widget\" data-e-type=\"widget\" data-widget_type=\"heading.default\">\n\t\t\t\t<div class=\"elementor-widget-container\">\n\t\t\t\t\t<h2 class=\"elementor-heading-title elementor-size-default\">Ciclilabs<\/h2>\t\t\t\t<\/div>\n\t\t\t\t<\/div>\n\t\t\t\t\t<\/div>\n\t\t<\/div>\n\t\t\t\t\t<\/div>\n\t\t<\/section>\n\t\t\t\t<section class=\"has_eae_slider elementor-section elementor-top-section elementor-element elementor-element-929e3de elementor-section-boxed elementor-section-height-default elementor-section-height-default\" data-eae-slider=\"10172\" data-id=\"929e3de\" data-element_type=\"section\" data-e-type=\"section\">\n\t\t\t\t\t\t<div class=\"elementor-container elementor-column-gap-default\">\n\t\t\t\t\t<div class=\"has_eae_slider elementor-column elementor-col-50 elementor-top-column elementor-element elementor-element-541abeb\" data-eae-slider=\"12445\" data-id=\"541abeb\" data-element_type=\"column\" data-e-type=\"column\">\n\t\t\t<div class=\"elementor-widget-wrap elementor-element-populated\">\n\t\t\t\t\t\t<div class=\"elementor-element elementor-element-b311008 elementor-grid-eael-col-1 elementor-grid-tablet-eael-col-2 elementor-grid-mobile-eael-col-1 elementor-widget elementor-widget-eael-post-grid\" data-id=\"b311008\" data-element_type=\"widget\" data-e-type=\"widget\" data-settings=\"{&quot;eael_post_grid_columns&quot;:&quot;eael-col-1&quot;,&quot;eael_post_grid_columns_tablet&quot;:&quot;eael-col-2&quot;,&quot;eael_post_grid_columns_mobile&quot;:&quot;eael-col-1&quot;}\" data-widget_type=\"eael-post-grid.default\">\n\t\t\t\t<div class=\"elementor-widget-container\">\n\t\t\t\t\t<div id=\"eael-post-grid-b311008\" class=\"eael-post-grid-container\">\n            <div class=\"eael-post-grid eael-post-appender eael-post-appender-b311008 eael-post-grid-style-one\" data-layout-mode=\"masonry\"><article class=\"eael-grid-post  eael-post-grid-column eael-pg-post-3532 category-ciclilabs tags-adaptacao-climatica-agrupamento-de-escolas-dr-julio-martins-chaves-cidadania-pelo-clima-fpceup-laboratorios-colaborativos-climaticos\" data-id=\"3532\">\n        <div class=\"eael-grid-post-holder\">\n            <div class=\"eael-grid-post-holder-inner\"><div class=\"eael-entry-media\"><div class=\"eael-entry-overlay none\"><i class=\"fas fa-long-arrow-alt-right\" aria-hidden=\"true\"><\/i><a href=\"https:\/\/climactic.fpce.up.pt\/en\/2022\/08\/22\/escola-em-chaves-e-palco-de-sessao-dos-cicli-labs\/\"><\/a><\/div><div class=\"eael-entry-thumbnail \">\n                <img fetchpriority=\"high\" decoding=\"async\" width=\"473\" height=\"459\" src=\"https:\/\/climactic.fpce.up.pt\/wp-content\/uploads\/sites\/900\/2022\/09\/chaves.png\" class=\"attachment-full size-full wp-image-3533\" alt=\"\" srcset=\"https:\/\/climactic.fpce.up.pt\/wp-content\/uploads\/sites\/900\/2022\/09\/chaves.png 473w, https:\/\/climactic.fpce.up.pt\/wp-content\/uploads\/sites\/900\/2022\/09\/chaves-300x291.png 300w, https:\/\/climactic.fpce.up.pt\/wp-content\/uploads\/sites\/900\/2022\/09\/chaves-12x12.png 12w, https:\/\/climactic.fpce.up.pt\/wp-content\/uploads\/sites\/900\/2022\/09\/chaves-24x24.png 24w, https:\/\/climactic.fpce.up.pt\/wp-content\/uploads\/sites\/900\/2022\/09\/chaves-48x48.png 48w\" sizes=\"(max-width: 473px) 100vw, 473px\" \/>\n            <\/div>\n        <\/div><div class=\"eael-entry-wrapper\"><header class=\"eael-entry-header\"><h2 class=\"eael-entry-title\"><a class=\"eael-grid-post-link\" href=\"https:\/\/climactic.fpce.up.pt\/en\/2022\/08\/22\/escola-em-chaves-e-palco-de-sessao-dos-cicli-labs\/\" title=\"Escola em Chaves \u00e9 palco de sess\u00e3o dos Cicli-Labs\">Escola em Chaves \u00e9 palco de sess\u00e3o dos Cicli-Labs<\/a><\/h2><\/header><div class=\"eael-entry-content\">\n                        <div class=\"eael-grid-post-excerpt\"><p>Os\/as alunos do 8\u00ba ano do Agrupamento de Escolas Dr. J\u00falio Martins, em Chaves, juntamente com suas professoras de Geografia, Ci\u00eancias Naturais e Cidadania e Desenvolvimento, debateram, ao longo do primeiro semestre de 2022, fen\u00f3menos associados \u00e0s altera\u00e7\u00f5es clim\u00e1ticas que t\u00eam se intensificado no concelho de Chaves. Ap\u00f3s a realiza\u00e7\u00e3o de atividades debatidas em sala [&hellip;]<\/p><\/div>\n                    <\/div><div class=\"eael-entry-footer\"><div class=\"eael-author-avatar\"><a href=\"https:\/\/climactic.fpce.up.pt\/en\/author\/climacticadmin\/\"><img alt='Equipa ClimActiC' src='https:\/\/secure.gravatar.com\/avatar\/a29cb2ee665e4bdf8934cc6c2764b04a0cab5fabb8665ac174def51f39e46063?s=96&#038;d=mm&#038;r=g' srcset='https:\/\/secure.gravatar.com\/avatar\/a29cb2ee665e4bdf8934cc6c2764b04a0cab5fabb8665ac174def51f39e46063?s=192&#038;d=mm&#038;r=g 2x' class='avatar avatar-96 photo' height='96' width='96' \/><\/a><\/div><div class=\"eael-entry-meta\"><span class=\"eael-posted-by\"><a href=\"https:\/\/climactic.fpce.up.pt\/en\/author\/climacticadmin\/\" title=\"Posts by Equipa ClimActiC\" rel=\"author\">Equipa ClimActiC<\/a><\/span><span class=\"eael-posted-on\"><time datetime=\"22 de August, 2022\">22 de August, 2022<\/time><\/span><\/div><\/div><\/div><\/div>\n        <\/div>\n    <\/article><article class=\"eael-grid-post  eael-post-grid-column eael-pg-post-3513 category-ciclilabs tags-adaptacao-climatica-alteracoes-climaticas-alto-minho-aumento-do-nivel-medio-do-mar-caminha-cidadania-pelo-clima-climactic-corema-fpceup-incendios-laboratorios-colaborativos-climaticos\" data-id=\"3513\">\n        <div class=\"eael-grid-post-holder\">\n            <div class=\"eael-grid-post-holder-inner\"><div class=\"eael-entry-media\"><div class=\"eael-entry-overlay none\"><i class=\"fas fa-long-arrow-alt-right\" aria-hidden=\"true\"><\/i><a href=\"https:\/\/climactic.fpce.up.pt\/en\/2022\/08\/17\/escola-em-caminha-e-palco-de-sessao-dos-cicli-labs\/\"><\/a><\/div><div class=\"eael-entry-thumbnail \">\n                <img decoding=\"async\" width=\"1024\" height=\"739\" src=\"https:\/\/climactic.fpce.up.pt\/wp-content\/uploads\/sites\/900\/2022\/08\/fotoefeitos.com_-2-1.jpg\" class=\"attachment-full size-full wp-image-3517\" alt=\"\" srcset=\"https:\/\/climactic.fpce.up.pt\/wp-content\/uploads\/sites\/900\/2022\/08\/fotoefeitos.com_-2-1.jpg 1024w, https:\/\/climactic.fpce.up.pt\/wp-content\/uploads\/sites\/900\/2022\/08\/fotoefeitos.com_-2-1-300x217.jpg 300w, https:\/\/climactic.fpce.up.pt\/wp-content\/uploads\/sites\/900\/2022\/08\/fotoefeitos.com_-2-1-768x554.jpg 768w, https:\/\/climactic.fpce.up.pt\/wp-content\/uploads\/sites\/900\/2022\/08\/fotoefeitos.com_-2-1-18x12.jpg 18w\" sizes=\"(max-width: 1024px) 100vw, 1024px\" \/>\n            <\/div>\n        <\/div><div class=\"eael-entry-wrapper\"><header class=\"eael-entry-header\"><h2 class=\"eael-entry-title\"><a class=\"eael-grid-post-link\" href=\"https:\/\/climactic.fpce.up.pt\/en\/2022\/08\/17\/escola-em-caminha-e-palco-de-sessao-dos-cicli-labs\/\" title=\"Escola em Caminha \u00e9 palco de sess\u00e3o dos CiCli-Labs\">Escola em Caminha \u00e9 palco de sess\u00e3o dos CiCli-Labs<\/a><\/h2><\/header><div class=\"eael-entry-content\">\n                        <div class=\"eael-grid-post-excerpt\"><p>Os\/as alunos do 11\u00ba ano do Agrupamento de Escolas do Concelho de Caminha, juntamente com suas professoras de Geografia debateram, ao longo do primeiro semestre de 2022, fen\u00f3menos associados \u00e0s altera\u00e7\u00f5es clim\u00e1ticas que t\u00eam se intensificado no concelho de Caminha. Ap\u00f3s a realiza\u00e7\u00e3o de atividades debatidas em sala de aula, os\/as jovens focaram a sua [&hellip;]<\/p><\/div>\n                    <\/div><div class=\"eael-entry-footer\"><div class=\"eael-author-avatar\"><a href=\"https:\/\/climactic.fpce.up.pt\/en\/author\/climacticadmin\/\"><img alt='Equipa ClimActiC' src='https:\/\/secure.gravatar.com\/avatar\/a29cb2ee665e4bdf8934cc6c2764b04a0cab5fabb8665ac174def51f39e46063?s=96&#038;d=mm&#038;r=g' srcset='https:\/\/secure.gravatar.com\/avatar\/a29cb2ee665e4bdf8934cc6c2764b04a0cab5fabb8665ac174def51f39e46063?s=192&#038;d=mm&#038;r=g 2x' class='avatar avatar-96 photo' height='96' width='96' \/><\/a><\/div><div class=\"eael-entry-meta\"><span class=\"eael-posted-by\"><a href=\"https:\/\/climactic.fpce.up.pt\/en\/author\/climacticadmin\/\" title=\"Posts by Equipa ClimActiC\" rel=\"author\">Equipa ClimActiC<\/a><\/span><span class=\"eael-posted-on\"><time datetime=\"17 de August, 2022\">17 de August, 2022<\/time><\/span><\/div><\/div><\/div><\/div>\n        <\/div>\n    <\/article><article class=\"eael-grid-post  eael-post-grid-column eael-pg-post-3498 category-ciclilabs tags-adaptacao-climatica-alteracoes-climaticas-nas-vinhas-cidadania-pelo-clima-climactic-escolas-joao-araujo-correia-fpceup-laboratorios-colaborativos-climaticos-peso-da-regua-vinhas-vitivinicultura\" data-id=\"3498\">\n        <div class=\"eael-grid-post-holder\">\n            <div class=\"eael-grid-post-holder-inner\"><div class=\"eael-entry-media\"><div class=\"eael-entry-overlay none\"><i class=\"fas fa-long-arrow-alt-right\" aria-hidden=\"true\"><\/i><a href=\"https:\/\/climactic.fpce.up.pt\/en\/2022\/08\/11\/escola-em-peso-da-regua-e-palco-de-duas-sessoes-dos-cicli-labs\/\"><\/a><\/div><div class=\"eael-entry-thumbnail \">\n                <img decoding=\"async\" width=\"1011\" height=\"447\" src=\"https:\/\/climactic.fpce.up.pt\/wp-content\/uploads\/sites\/900\/2022\/08\/fotoefeitos.com_-1-1.jpg\" class=\"attachment-full size-full wp-image-3508\" alt=\"\" srcset=\"https:\/\/climactic.fpce.up.pt\/wp-content\/uploads\/sites\/900\/2022\/08\/fotoefeitos.com_-1-1.jpg 1011w, https:\/\/climactic.fpce.up.pt\/wp-content\/uploads\/sites\/900\/2022\/08\/fotoefeitos.com_-1-1-300x133.jpg 300w, https:\/\/climactic.fpce.up.pt\/wp-content\/uploads\/sites\/900\/2022\/08\/fotoefeitos.com_-1-1-768x340.jpg 768w, https:\/\/climactic.fpce.up.pt\/wp-content\/uploads\/sites\/900\/2022\/08\/fotoefeitos.com_-1-1-18x8.jpg 18w\" sizes=\"(max-width: 1011px) 100vw, 1011px\" \/>\n            <\/div>\n        <\/div><div class=\"eael-entry-wrapper\"><header class=\"eael-entry-header\"><h2 class=\"eael-entry-title\"><a class=\"eael-grid-post-link\" href=\"https:\/\/climactic.fpce.up.pt\/en\/2022\/08\/11\/escola-em-peso-da-regua-e-palco-de-duas-sessoes-dos-cicli-labs\/\" title=\"Escola em Peso da R\u00e9gua \u00e9 palco de duas sess\u00f5es dos CiCli-Labs\">Escola em Peso da R\u00e9gua \u00e9 palco de duas sess\u00f5es dos CiCli-Labs<\/a><\/h2><\/header><div class=\"eael-entry-content\">\n                        <div class=\"eael-grid-post-excerpt\"><p>Os\/as alunos do 9\u00ba, 10\u00ba e 11\u00ba ano do Agrupamento de Escolas Jo\u00e3o Ara\u00fajo Correia, juntamente com seus professores e suas professoras de Biologia e Geologia, Ci\u00eancias Naturais, Educa\u00e7\u00e3o para a Cidadania, F\u00edsica, Geografia e Hist\u00f3ria debateram, ao longo do primeiro semestre de 2022, fen\u00f3menos associados \u00e0s altera\u00e7\u00f5es clim\u00e1ticas que t\u00eam se intensificado no concelho [&hellip;]<\/p><\/div>\n                    <\/div><div class=\"eael-entry-footer\"><div class=\"eael-author-avatar\"><a href=\"https:\/\/climactic.fpce.up.pt\/en\/author\/climacticadmin\/\"><img alt='Equipa ClimActiC' src='https:\/\/secure.gravatar.com\/avatar\/a29cb2ee665e4bdf8934cc6c2764b04a0cab5fabb8665ac174def51f39e46063?s=96&#038;d=mm&#038;r=g' srcset='https:\/\/secure.gravatar.com\/avatar\/a29cb2ee665e4bdf8934cc6c2764b04a0cab5fabb8665ac174def51f39e46063?s=192&#038;d=mm&#038;r=g 2x' class='avatar avatar-96 photo' height='96' width='96' \/><\/a><\/div><div class=\"eael-entry-meta\"><span class=\"eael-posted-by\"><a href=\"https:\/\/climactic.fpce.up.pt\/en\/author\/climacticadmin\/\" title=\"Posts by Equipa ClimActiC\" rel=\"author\">Equipa ClimActiC<\/a><\/span><span class=\"eael-posted-on\"><time datetime=\"11 de August, 2022\">11 de August, 2022<\/time><\/span><\/div><\/div><\/div><\/div>\n        <\/div>\n    <\/article><article class=\"eael-grid-post  eael-post-grid-column eael-pg-post-3468 category-ciclilabs tags-adaptacao-climatica-alteracoes-climaticas-aves-cidadania-pelo-clima-climactic-fpceup-gaia-nascente-laboratorios-colaborativos-climaticos-migracao-de-aves-vila-nova-de-gaia\" data-id=\"3468\">\n        <div class=\"eael-grid-post-holder\">\n            <div class=\"eael-grid-post-holder-inner\"><div class=\"eael-entry-media\"><div class=\"eael-entry-overlay none\"><i class=\"fas fa-long-arrow-alt-right\" aria-hidden=\"true\"><\/i><a href=\"https:\/\/climactic.fpce.up.pt\/en\/2022\/08\/07\/escola-secundaria-gaia-nascente-e-palco-de-tres-sessoes-dos-cicli-labs\/\"><\/a><\/div><div class=\"eael-entry-thumbnail \">\n                <img loading=\"lazy\" decoding=\"async\" width=\"900\" height=\"653\" src=\"https:\/\/climactic.fpce.up.pt\/wp-content\/uploads\/sites\/900\/2022\/08\/fotoefeitos.com_edit-e1661788524887.jpg\" class=\"attachment-full size-full wp-image-3480\" alt=\"\" srcset=\"https:\/\/climactic.fpce.up.pt\/wp-content\/uploads\/sites\/900\/2022\/08\/fotoefeitos.com_edit-e1661788524887.jpg 900w, https:\/\/climactic.fpce.up.pt\/wp-content\/uploads\/sites\/900\/2022\/08\/fotoefeitos.com_edit-e1661788524887-300x218.jpg 300w, https:\/\/climactic.fpce.up.pt\/wp-content\/uploads\/sites\/900\/2022\/08\/fotoefeitos.com_edit-e1661788524887-768x557.jpg 768w, https:\/\/climactic.fpce.up.pt\/wp-content\/uploads\/sites\/900\/2022\/08\/fotoefeitos.com_edit-e1661788524887-18x12.jpg 18w\" sizes=\"(max-width: 900px) 100vw, 900px\" \/>\n            <\/div>\n        <\/div><div class=\"eael-entry-wrapper\"><header class=\"eael-entry-header\"><h2 class=\"eael-entry-title\"><a class=\"eael-grid-post-link\" href=\"https:\/\/climactic.fpce.up.pt\/en\/2022\/08\/07\/escola-secundaria-gaia-nascente-e-palco-de-tres-sessoes-dos-cicli-labs\/\" title=\"Escola Secund\u00e1ria Gaia Nascente \u00e9 palco de tr\u00eas sess\u00f5es dos CiCli-Labs\">Escola Secund\u00e1ria Gaia Nascente \u00e9 palco de tr\u00eas sess\u00f5es dos CiCli-Labs<\/a><\/h2><\/header><div class=\"eael-entry-content\">\n                        <div class=\"eael-grid-post-excerpt\"><p>Os\/as alunos do 10\u00ba, 11\u00ba e 12\u00ba ano do Agrupamento de Escolas de Gaia Nascente, juntamente com seus professores e suas professoras de Geografia, Hist\u00f3ria, e Cidadania e Desenvolvimento, debateram, ao longo do primeiro semestre de 2022, fen\u00f3menos associados \u00e0s altera\u00e7\u00f5es clim\u00e1ticas que t\u00eam se intensificado no concelho de Vila Nova de Gaia. Ap\u00f3s a [&hellip;]<\/p><\/div>\n                    <\/div><div class=\"eael-entry-footer\"><div class=\"eael-author-avatar\"><a href=\"https:\/\/climactic.fpce.up.pt\/en\/author\/climacticadmin\/\"><img alt='Equipa ClimActiC' src='https:\/\/secure.gravatar.com\/avatar\/a29cb2ee665e4bdf8934cc6c2764b04a0cab5fabb8665ac174def51f39e46063?s=96&#038;d=mm&#038;r=g' srcset='https:\/\/secure.gravatar.com\/avatar\/a29cb2ee665e4bdf8934cc6c2764b04a0cab5fabb8665ac174def51f39e46063?s=192&#038;d=mm&#038;r=g 2x' class='avatar avatar-96 photo' height='96' width='96' \/><\/a><\/div><div class=\"eael-entry-meta\"><span class=\"eael-posted-by\"><a href=\"https:\/\/climactic.fpce.up.pt\/en\/author\/climacticadmin\/\" title=\"Posts by Equipa ClimActiC\" rel=\"author\">Equipa ClimActiC<\/a><\/span><span class=\"eael-posted-on\"><time datetime=\"7 de August, 2022\">7 de August, 2022<\/time><\/span><\/div><\/div><\/div><\/div>\n        <\/div>\n    <\/article><\/div>\n            <div class=\"clearfix\"><\/div>\n        <\/div>            <div class=\"eael-load-more-button-wrap eael-force-hide\">\n                <button class=\"eael-load-more-button\" id=\"eael-load-more-btn-b311008\" data-widget-id=\"b311008\" data-widget=\"b311008\" data-page-id=\"86\" data-template=\"{&quot;dir&quot;:&quot;lite&quot;,&quot;file_name&quot;:&quot;one.php&quot;,&quot;name&quot;:&quot;Post-Grid&quot;}\" data-class=\"Essential_Addons_Elementor\\Elements\\Post_Grid\" data-layout=\"masonry\" data-page=\"1\" data-args=\"orderby=date&amp;order=desc&amp;ignore_sticky_posts=1&amp;post_status=publish&amp;posts_per_page=4&amp;offset=0&amp;post_type=post&amp;tax_query%5B0%5D%5Btaxonomy%5D=category&amp;tax_query%5B0%5D%5Bfield%5D=term_id&amp;tax_query%5B0%5D%5Bterms%5D%5B0%5D=16&amp;tax_query%5Brelation%5D=AND\" data-max-page=\"2\">\n                    <span class=\"eael-btn-loader button__loader\"><\/span>\n                    <span class=\"eael_load_more_text\">Load More<\/span>\n                <\/button>\n            <\/div>\n            \t\t\t\t<\/div>\n\t\t\t\t<\/div>\n\t\t\t\t\t<\/div>\n\t\t<\/div>\n\t\t\t\t<div class=\"has_eae_slider elementor-column elementor-col-50 elementor-top-column elementor-element elementor-element-7b6fa43\" data-eae-slider=\"60596\" data-id=\"7b6fa43\" data-element_type=\"column\" data-e-type=\"column\">\n\t\t\t<div class=\"elementor-widget-wrap elementor-element-populated\">\n\t\t\t\t\t\t<div class=\"elementor-element elementor-element-8266bbc elementor-widget elementor-widget-sidebar\" data-id=\"8266bbc\" data-element_type=\"widget\" data-e-type=\"widget\" data-widget_type=\"sidebar.default\">\n\t\t\t\t<div class=\"elementor-widget-container\">\n\t\t\t\t\t<aside id=\"block-2\" class=\"widget widget_block widget_search\"><form role=\"search\" method=\"get\" action=\"https:\/\/climactic.fpce.up.pt\/en\/\" class=\"wp-block-search__button-outside wp-block-search__text-button aligncenter wp-block-search\"    ><label class=\"wp-block-search__label screen-reader-text\" for=\"wp-block-search__input-1\" >Search<\/label><div class=\"wp-block-search__inside-wrapper\"  style=\"width: 350px\"><input class=\"wp-block-search__input\" id=\"wp-block-search__input-1\" placeholder=\"\" value=\"\" type=\"search\" name=\"s\" required \/><button aria-label=\"Search\" class=\"wp-block-search__button has-text-color has-white-color has-background wp-element-button\" type=\"submit\"  style=\"background-color: #3b4ad5\">Search<\/button><\/div><\/form><\/aside><aside id=\"block-3\" class=\"widget widget_block\">\n<div class=\"wp-block-group is-layout-flow wp-block-group-is-layout-flow\"><div class=\"wp-block-group__inner-container\">\n<h4 class=\"wp-block-heading\"><strong>Artigos recentes<\/strong><\/h4>\n\n\n<ul class=\"wp-block-latest-posts__list has-dates has-author wp-block-latest-posts\"><li><a class=\"wp-block-latest-posts__post-title\" href=\"https:\/\/climactic.fpce.up.pt\/en\/2024\/06\/11\/artigos-em-revistas-avaliadas-por-pares-e-indexadas\/\">Artigos em revistas avaliadas por pares e indexadas<\/a><div class=\"wp-block-latest-posts__post-author\">by Equipa ClimActiC<\/div><time datetime=\"2024-06-11T12:47:37+00:00\" class=\"wp-block-latest-posts__post-date\">11 de June, 2024<\/time><\/li>\n<li><a class=\"wp-block-latest-posts__post-title\" href=\"https:\/\/climactic.fpce.up.pt\/en\/2024\/06\/11\/artigos-em-atas-de-conferencias-avaliadas-por-pares\/\">Artigos em atas de confer\u00eancias avaliadas por pares<\/a><div class=\"wp-block-latest-posts__post-author\">by Equipa ClimActiC<\/div><time datetime=\"2024-06-11T12:46:12+00:00\" class=\"wp-block-latest-posts__post-date\">11 de June, 2024<\/time><\/li>\n<li><a class=\"wp-block-latest-posts__post-title\" href=\"https:\/\/climactic.fpce.up.pt\/en\/2024\/06\/11\/trabalhos-das-escolas-no-mural-padlet\/\">Trabalhos das escolas no mural Padlet<\/a><div class=\"wp-block-latest-posts__post-author\">by Equipa ClimActiC<\/div><time datetime=\"2024-06-11T12:43:21+00:00\" class=\"wp-block-latest-posts__post-date\">11 de June, 2024<\/time><\/li>\n<li><a class=\"wp-block-latest-posts__post-title\" href=\"https:\/\/climactic.fpce.up.pt\/en\/2024\/06\/11\/comunicacoes-em-conferencias\/\">Comunica\u00e7\u00f5es em confer\u00eancias<\/a><div class=\"wp-block-latest-posts__post-author\">by Equipa ClimActiC<\/div><time datetime=\"2024-06-11T11:31:54+00:00\" class=\"wp-block-latest-posts__post-date\">11 de June, 2024<\/time><\/li>\n<li><a class=\"wp-block-latest-posts__post-title\" href=\"https:\/\/climactic.fpce.up.pt\/en\/2024\/06\/11\/dissertacoes-de-mestrado\/\">Disserta\u00e7\u00f5es de mestrado<\/a><div class=\"wp-block-latest-posts__post-author\">by Equipa ClimActiC<\/div><time datetime=\"2024-06-11T11:28:21+00:00\" class=\"wp-block-latest-posts__post-date\">11 de June, 2024<\/time><\/li>\n<\/ul><\/div><\/div>\n<\/aside><aside id=\"block-4\" class=\"widget widget_block\">\n<div class=\"wp-block-group is-layout-flow wp-block-group-is-layout-flow\"><div class=\"wp-block-group__inner-container\">\n<h4 class=\"wp-block-heading\"><strong>Coment\u00e1rios recentes<\/strong><\/h4>\n<\/div><\/div>\n<\/aside>\t\t\t\t<\/div>\n\t\t\t\t<\/div>\n\t\t\t\t\t<\/div>\n\t\t<\/div>\n\t\t\t\t\t<\/div>\n\t\t<\/section>\n\t\t\t\t<\/div>\n\t\t","protected":false},"excerpt":{"rendered":"<p>\/*! elementor &#8211; v3.6.7 &#8211; 03-07-2022 *\/ .elementor-heading-title{padding:0;margin:0;line-height:1}.elementor-widget-heading .elementor-heading-title[class*=elementor-size-]&gt;a{color:inherit;font-size:inherit;line-height:inherit}.elementor-widget-heading .elementor-heading-title.elementor-size-small{font-size:15px}.elementor-widget-heading .elementor-heading-title.elementor-size-medium{font-size:19px}.elementor-widget-heading .elementor-heading-title.elementor-size-large{font-size:29px}.elementor-widget-heading .elementor-heading-title.elementor-size-xl{font-size:39px}.elementor-widget-heading .elementor-heading-title.elementor-size-xxl{font-size:59px} Ciclilabs ClimActiC dinamiza 15 sess\u00f5es dos laborat\u00f3rios colaborativos clim\u00e1ticos, em escolas do Norte de Portugal, com estudantes, docentes e atores comunit\u00e1rios A equipa do Projeto ClimActiC &#8211; Criando Pontes entre Cidadania e Ci\u00eancia para Adapta\u00e7\u00e3o Clim\u00e1tica realizou, entre abril e junho [&hellip;]<\/p>\n","protected":false},"author":1624,"featured_media":0,"parent":0,"menu_order":0,"comment_status":"closed","ping_status":"closed","template":"","meta":{"site-sidebar-layout":"no-sidebar","site-content-layout":"page-builder","ast-site-content-layout":"default","site-content-style":"default","site-sidebar-style":"default","ast-global-header-display":"","ast-banner-title-visibility":"","ast-main-header-display":"","ast-hfb-above-header-display":"","ast-hfb-below-header-display":"","ast-hfb-mobile-header-display":"","site-post-title":"disabled","ast-breadcrumbs-content":"","ast-featured-img":"disabled","footer-sml-layout":"","ast-disable-related-posts":"","theme-transparent-header-meta":"","adv-header-id-meta":"","stick-header-meta":"","header-above-stick-meta":"","header-main-stick-meta":"","header-below-stick-meta":"","astra-migrate-meta-layouts":"default","ast-page-background-enabled":"default","ast-page-background-meta":{"desktop":{"background-color":"var(--ast-global-color-4)","background-image":"","background-repeat":"repeat","background-position":"center center","background-size":"auto","background-attachment":"scroll","background-type":"","background-media":"","overlay-type":"","overlay-color":"","overlay-opacity":"","overlay-gradient":""},"tablet":{"background-color":"","background-image":"","background-repeat":"repeat","background-position":"center center","background-size":"auto","background-attachment":"scroll","background-type":"","background-media":"","overlay-type":"","overlay-color":"","overlay-opacity":"","overlay-gradient":""},"mobile":{"background-color":"","background-image":"","background-repeat":"repeat","background-position":"center center","background-size":"auto","background-attachment":"scroll","background-type":"","background-media":"","overlay-type":"","overlay-color":"","overlay-opacity":"","overlay-gradient":""}},"ast-content-background-meta":{"desktop":{"background-color":"var(--ast-global-color-5)","background-image":"","background-repeat":"repeat","background-position":"center center","background-size":"auto","background-attachment":"scroll","background-type":"","background-media":"","overlay-type":"","overlay-color":"","overlay-opacity":"","overlay-gradient":""},"tablet":{"background-color":"var(--ast-global-color-5)","background-image":"","background-repeat":"repeat","background-position":"center center","background-size":"auto","background-attachment":"scroll","background-type":"","background-media":"","overlay-type":"","overlay-color":"","overlay-opacity":"","overlay-gradient":""},"mobile":{"background-color":"var(--ast-global-color-5)","background-image":"","background-repeat":"repeat","background-position":"center center","background-size":"auto","background-attachment":"scroll","background-type":"","background-media":"","overlay-type":"","overlay-color":"","overlay-opacity":"","overlay-gradient":""}},"footnotes":""},"class_list":["post-86","page","type-page","status-publish","hentry"],"_links":{"self":[{"href":"https:\/\/climactic.fpce.up.pt\/en\/wp-json\/wp\/v2\/pages\/86","targetHints":{"allow":["GET"]}}],"collection":[{"href":"https:\/\/climactic.fpce.up.pt\/en\/wp-json\/wp\/v2\/pages"}],"about":[{"href":"https:\/\/climactic.fpce.up.pt\/en\/wp-json\/wp\/v2\/types\/page"}],"author":[{"embeddable":true,"href":"https:\/\/climactic.fpce.up.pt\/en\/wp-json\/wp\/v2\/users\/1624"}],"replies":[{"embeddable":true,"href":"https:\/\/climactic.fpce.up.pt\/en\/wp-json\/wp\/v2\/comments?post=86"}],"version-history":[{"count":22,"href":"https:\/\/climactic.fpce.up.pt\/en\/wp-json\/wp\/v2\/pages\/86\/revisions"}],"predecessor-version":[{"id":3342,"href":"https:\/\/climactic.fpce.up.pt\/en\/wp-json\/wp\/v2\/pages\/86\/revisions\/3342"}],"wp:attachment":[{"href":"https:\/\/climactic.fpce.up.pt\/en\/wp-json\/wp\/v2\/media?parent=86"}],"curies":[{"name":"wp","href":"https:\/\/api.w.org\/{rel}","templated":true}]}}