{"id":83,"date":"2022-02-25T21:48:32","date_gmt":"2022-02-25T21:48:32","guid":{"rendered":"https:\/\/climactic.fpce.up.pt\/?page_id=83"},"modified":"2024-06-11T12:59:45","modified_gmt":"2024-06-11T12:59:45","slug":"produtos","status":"publish","type":"page","link":"https:\/\/climactic.fpce.up.pt\/en\/produtos\/","title":{"rendered":"Products"},"content":{"rendered":"\t\t<div data-elementor-type=\"wp-page\" data-elementor-id=\"83\" class=\"elementor elementor-83\" data-elementor-post-type=\"page\">\n\t\t\t\t\t\t<section class=\"has_eae_slider elementor-section elementor-top-section elementor-element elementor-element-82689a1 elementor-section-boxed elementor-section-height-default elementor-section-height-default\" data-eae-slider=\"83785\" data-id=\"82689a1\" data-element_type=\"section\" data-e-type=\"section\">\n\t\t\t\t\t\t<div class=\"elementor-container elementor-column-gap-default\">\n\t\t\t\t\t<div class=\"has_eae_slider elementor-column elementor-col-100 elementor-top-column elementor-element elementor-element-fecbc86\" data-eae-slider=\"11555\" data-id=\"fecbc86\" data-element_type=\"column\" data-e-type=\"column\">\n\t\t\t<div class=\"elementor-widget-wrap elementor-element-populated\">\n\t\t\t\t\t\t<div class=\"elementor-element elementor-element-9d97f0a elementor-widget elementor-widget-heading\" data-id=\"9d97f0a\" data-element_type=\"widget\" data-e-type=\"widget\" data-widget_type=\"heading.default\">\n\t\t\t\t<div class=\"elementor-widget-container\">\n\t\t\t\t\t<h2 class=\"elementor-heading-title elementor-size-default\">Produtos<\/h2>\t\t\t\t<\/div>\n\t\t\t\t<\/div>\n\t\t\t\t\t<\/div>\n\t\t<\/div>\n\t\t\t\t\t<\/div>\n\t\t<\/section>\n\t\t\t\t<section class=\"has_eae_slider elementor-section elementor-top-section elementor-element elementor-element-9e31893 elementor-section-boxed elementor-section-height-default elementor-section-height-default\" data-eae-slider=\"54723\" data-id=\"9e31893\" data-element_type=\"section\" data-e-type=\"section\">\n\t\t\t\t\t\t<div class=\"elementor-container elementor-column-gap-default\">\n\t\t\t\t\t<div class=\"has_eae_slider elementor-column elementor-col-100 elementor-top-column elementor-element elementor-element-e654d84\" data-eae-slider=\"34002\" data-id=\"e654d84\" data-element_type=\"column\" data-e-type=\"column\">\n\t\t\t<div class=\"elementor-widget-wrap elementor-element-populated\">\n\t\t\t\t\t\t\t<\/div>\n\t\t<\/div>\n\t\t\t\t\t<\/div>\n\t\t<\/section>\n\t\t\t\t<section class=\"has_eae_slider elementor-section elementor-top-section elementor-element elementor-element-c7dc73c elementor-section-boxed elementor-section-height-default elementor-section-height-default\" data-eae-slider=\"31974\" data-id=\"c7dc73c\" data-element_type=\"section\" data-e-type=\"section\">\n\t\t\t\t\t\t<div class=\"elementor-container elementor-column-gap-default\">\n\t\t\t\t\t<div class=\"has_eae_slider elementor-column elementor-col-50 elementor-top-column elementor-element elementor-element-25663e2\" data-eae-slider=\"41648\" data-id=\"25663e2\" data-element_type=\"column\" data-e-type=\"column\">\n\t\t\t<div class=\"elementor-widget-wrap elementor-element-populated\">\n\t\t\t\t\t\t<div class=\"elementor-element elementor-element-3e5473c elementor-grid-eael-col-1 elementor-grid-tablet-eael-col-2 elementor-grid-mobile-eael-col-1 elementor-widget elementor-widget-eael-post-grid\" data-id=\"3e5473c\" data-element_type=\"widget\" data-e-type=\"widget\" data-settings=\"{&quot;eael_post_grid_columns&quot;:&quot;eael-col-1&quot;,&quot;eael_post_grid_columns_tablet&quot;:&quot;eael-col-2&quot;,&quot;eael_post_grid_columns_mobile&quot;:&quot;eael-col-1&quot;}\" data-widget_type=\"eael-post-grid.default\">\n\t\t\t\t<div class=\"elementor-widget-container\">\n\t\t\t\t\t<div id=\"eael-post-grid-3e5473c\" class=\"eael-post-grid-container\">\n            <div class=\"eael-post-grid eael-post-appender eael-post-appender-3e5473c eael-post-grid-style-one\" data-layout-mode=\"masonry\"><article class=\"eael-grid-post  eael-post-grid-column eael-pg-post-3737 category-produtos tags-artigos-produtos-revistas-u-porto\" data-id=\"3737\">\n        <div class=\"eael-grid-post-holder\">\n            <div class=\"eael-grid-post-holder-inner\"><div class=\"eael-entry-wrapper\"><header class=\"eael-entry-header\"><h2 class=\"eael-entry-title\"><a class=\"eael-grid-post-link\" href=\"https:\/\/climactic.fpce.up.pt\/en\/2024\/06\/11\/artigos-em-revistas-avaliadas-por-pares-e-indexadas\/\" title=\"Artigos em revistas avaliadas por pares e indexadas\">Artigos em revistas avaliadas por pares e indexadas<\/a><\/h2><\/header><div class=\"eael-entry-content\">\n                        <div class=\"eael-grid-post-excerpt\"><p>1. Di\u00f3genes-Lima, J.; Pinheiro, S.; Cruz, J. &amp; Malafaia, C. (2023). &#8220;If not even the school listens to us\u2026\u201d: Echos of climate justice on the ground&#8221;. JSSE &#8211; Journal of Social Science Education, 22(4).&nbsp;https:\/\/doi.org\/10. 11576\/jsse-6346&nbsp;&nbsp;&nbsp; 2. Malafaia, C.; Di\u00f3genes-Lima, J.; Pereira, B.; Macedo, E. &amp; Menezes, I. (accepted). Collaborative Climate Labs: a youth-led methodology for [&hellip;]<\/p><\/div>\n                    <\/div><div class=\"eael-entry-footer\"><div class=\"eael-author-avatar\"><a href=\"https:\/\/climactic.fpce.up.pt\/en\/author\/climacticadmin\/\"><img alt='Equipa ClimActiC' src='https:\/\/secure.gravatar.com\/avatar\/a29cb2ee665e4bdf8934cc6c2764b04a0cab5fabb8665ac174def51f39e46063?s=96&#038;d=mm&#038;r=g' srcset='https:\/\/secure.gravatar.com\/avatar\/a29cb2ee665e4bdf8934cc6c2764b04a0cab5fabb8665ac174def51f39e46063?s=192&#038;d=mm&#038;r=g 2x' class='avatar avatar-96 photo' height='96' width='96' \/><\/a><\/div><div class=\"eael-entry-meta\"><span class=\"eael-posted-by\"><a href=\"https:\/\/climactic.fpce.up.pt\/en\/author\/climacticadmin\/\" title=\"Posts by Equipa ClimActiC\" rel=\"author\">Equipa ClimActiC<\/a><\/span><span class=\"eael-posted-on\"><time datetime=\"11 de June, 2024\">11 de June, 2024<\/time><\/span><\/div><\/div><\/div><\/div>\n        <\/div>\n    <\/article><article class=\"eael-grid-post  eael-post-grid-column eael-pg-post-3732 category-produtos tags-artigos-atas-produtos-u-porto\" data-id=\"3732\">\n        <div class=\"eael-grid-post-holder\">\n            <div class=\"eael-grid-post-holder-inner\"><div class=\"eael-entry-wrapper\"><header class=\"eael-entry-header\"><h2 class=\"eael-entry-title\"><a class=\"eael-grid-post-link\" href=\"https:\/\/climactic.fpce.up.pt\/en\/2024\/06\/11\/artigos-em-atas-de-conferencias-avaliadas-por-pares\/\" title=\"Artigos em atas de confer\u00eancias avaliadas por pares\">Artigos em atas de confer\u00eancias avaliadas por pares<\/a><\/h2><\/header><div class=\"eael-entry-content\">\n                        <div class=\"eael-grid-post-excerpt\"><p>1.\u00a0 \u00a0 \u00a0Pinheiro, S.; Torres, A. C; Di\u00f3genes-Lima, J.; Pereira, B. &amp; Malafaia, C. (2023). \u201cHow can the use of participatory and co-creation approaches enhance young people\u00b4s civic participation for climate change adaptation?\u201d. Proceedings of INTED2023 Conference 6-8 de march 2023.\u00a0DOI: 10.21125\/inted.2023.2076 | ISBN: 978-84-09-49026-4 |ISSN: 2340-1079 2.\u00a0 \u00a0 \u00a0Gon\u00e7alves, C. (2023). &#8216;Risk societies. Uncertainty [&hellip;]<\/p><\/div>\n                    <\/div><div class=\"eael-entry-footer\"><div class=\"eael-author-avatar\"><a href=\"https:\/\/climactic.fpce.up.pt\/en\/author\/climacticadmin\/\"><img alt='Equipa ClimActiC' src='https:\/\/secure.gravatar.com\/avatar\/a29cb2ee665e4bdf8934cc6c2764b04a0cab5fabb8665ac174def51f39e46063?s=96&#038;d=mm&#038;r=g' srcset='https:\/\/secure.gravatar.com\/avatar\/a29cb2ee665e4bdf8934cc6c2764b04a0cab5fabb8665ac174def51f39e46063?s=192&#038;d=mm&#038;r=g 2x' class='avatar avatar-96 photo' height='96' width='96' \/><\/a><\/div><div class=\"eael-entry-meta\"><span class=\"eael-posted-by\"><a href=\"https:\/\/climactic.fpce.up.pt\/en\/author\/climacticadmin\/\" title=\"Posts by Equipa ClimActiC\" rel=\"author\">Equipa ClimActiC<\/a><\/span><span class=\"eael-posted-on\"><time datetime=\"11 de June, 2024\">11 de June, 2024<\/time><\/span><\/div><\/div><\/div><\/div>\n        <\/div>\n    <\/article><article class=\"eael-grid-post  eael-post-grid-column eael-pg-post-3716 category-produtos tags-ae-de-caminha-ae-de-vn-cerveira-ae-dom-sancho-i-ae-frazao-ae-gaia-nascente-ae-macedo-de-cavaleiros-agrupamento-de-escolas-dr-julio-martins-escola-joao-araujo-correia-escola-secundaria-de-vila-verde-escolas-produtos\" data-id=\"3716\">\n        <div class=\"eael-grid-post-holder\">\n            <div class=\"eael-grid-post-holder-inner\"><div class=\"eael-entry-wrapper\"><header class=\"eael-entry-header\"><h2 class=\"eael-entry-title\"><a class=\"eael-grid-post-link\" href=\"https:\/\/climactic.fpce.up.pt\/en\/2024\/06\/11\/trabalhos-das-escolas-no-mural-padlet\/\" title=\"Trabalhos das escolas no mural Padlet\">Trabalhos das escolas no mural Padlet<\/a><\/h2><\/header><div class=\"eael-entry-content\">\n                        <div class=\"eael-grid-post-excerpt\"><p>Padlet: https:\/\/padlet.com\/climactic\/comunidade-escolar-climactic-c43bk541akuo2yzg Neste mural, podem ser consultados todos os trabalhos produzidos por alunos\/as e docentes das 9 escolas envolvidas, bem como os posters que os\/as alunos\/as apresentaram nos semin\u00e1rios no Porto<\/p><\/div>\n                    <\/div><div class=\"eael-entry-footer\"><div class=\"eael-author-avatar\"><a href=\"https:\/\/climactic.fpce.up.pt\/en\/author\/climacticadmin\/\"><img alt='Equipa ClimActiC' src='https:\/\/secure.gravatar.com\/avatar\/a29cb2ee665e4bdf8934cc6c2764b04a0cab5fabb8665ac174def51f39e46063?s=96&#038;d=mm&#038;r=g' srcset='https:\/\/secure.gravatar.com\/avatar\/a29cb2ee665e4bdf8934cc6c2764b04a0cab5fabb8665ac174def51f39e46063?s=192&#038;d=mm&#038;r=g 2x' class='avatar avatar-96 photo' height='96' width='96' \/><\/a><\/div><div class=\"eael-entry-meta\"><span class=\"eael-posted-by\"><a href=\"https:\/\/climactic.fpce.up.pt\/en\/author\/climacticadmin\/\" title=\"Posts by Equipa ClimActiC\" rel=\"author\">Equipa ClimActiC<\/a><\/span><span class=\"eael-posted-on\"><time datetime=\"11 de June, 2024\">11 de June, 2024<\/time><\/span><\/div><\/div><\/div><\/div>\n        <\/div>\n    <\/article><article class=\"eael-grid-post  eael-post-grid-column eael-pg-post-3714 category-produtos tags-comunicacoes-produtos-u-porto\" data-id=\"3714\">\n        <div class=\"eael-grid-post-holder\">\n            <div class=\"eael-grid-post-holder-inner\"><div class=\"eael-entry-wrapper\"><header class=\"eael-entry-header\"><h2 class=\"eael-entry-title\"><a class=\"eael-grid-post-link\" href=\"https:\/\/climactic.fpce.up.pt\/en\/2024\/06\/11\/comunicacoes-em-conferencias\/\" title=\"Comunica\u00e7\u00f5es em confer\u00eancias\">Comunica\u00e7\u00f5es em confer\u00eancias<\/a><\/h2><\/header><div class=\"eael-entry-content\">\n                        <div class=\"eael-grid-post-excerpt\"><p>COMUNICA\u00c7\u00d5ES CONVIDADAS EM CONFER\u00caNCIAS 1. Malafaia, C. (maio 2023). Ethnographic, visual and participatory methodologies: contributions of research on youth political agency to bringing together new and old citizenship practice. Invited presentation at the 10th New &amp; Old Seminar: challenges for practice and research, organised by the Escola Superior de Educa\u00e7\u00e3o de Viseu&nbsp; 2. Menezes, I. [&hellip;]<\/p><\/div>\n                    <\/div><div class=\"eael-entry-footer\"><div class=\"eael-author-avatar\"><a href=\"https:\/\/climactic.fpce.up.pt\/en\/author\/climacticadmin\/\"><img alt='Equipa ClimActiC' src='https:\/\/secure.gravatar.com\/avatar\/a29cb2ee665e4bdf8934cc6c2764b04a0cab5fabb8665ac174def51f39e46063?s=96&#038;d=mm&#038;r=g' srcset='https:\/\/secure.gravatar.com\/avatar\/a29cb2ee665e4bdf8934cc6c2764b04a0cab5fabb8665ac174def51f39e46063?s=192&#038;d=mm&#038;r=g 2x' class='avatar avatar-96 photo' height='96' width='96' \/><\/a><\/div><div class=\"eael-entry-meta\"><span class=\"eael-posted-by\"><a href=\"https:\/\/climactic.fpce.up.pt\/en\/author\/climacticadmin\/\" title=\"Posts by Equipa ClimActiC\" rel=\"author\">Equipa ClimActiC<\/a><\/span><span class=\"eael-posted-on\"><time datetime=\"11 de June, 2024\">11 de June, 2024<\/time><\/span><\/div><\/div><\/div><\/div>\n        <\/div>\n    <\/article><\/div>\n            <div class=\"clearfix\"><\/div>\n        <\/div>            <div class=\"eael-load-more-button-wrap eael-force-hide\">\n                <button class=\"eael-load-more-button\" id=\"eael-load-more-btn-3e5473c\" data-widget-id=\"3e5473c\" data-widget=\"3e5473c\" data-page-id=\"83\" data-template=\"{&quot;dir&quot;:&quot;lite&quot;,&quot;file_name&quot;:&quot;one.php&quot;,&quot;name&quot;:&quot;Post-Grid&quot;}\" data-class=\"Essential_Addons_Elementor\\Elements\\Post_Grid\" data-layout=\"masonry\" data-page=\"1\" data-args=\"orderby=date&amp;order=desc&amp;ignore_sticky_posts=1&amp;post_status=publish&amp;posts_per_page=4&amp;offset=0&amp;post_type=post&amp;tax_query%5B0%5D%5Btaxonomy%5D=category&amp;tax_query%5B0%5D%5Bfield%5D=term_id&amp;tax_query%5B0%5D%5Bterms%5D%5B0%5D=44&amp;tax_query%5Brelation%5D=AND\" data-max-page=\"3\">\n                    <span class=\"eael-btn-loader button__loader\"><\/span>\n                    <span class=\"eael_load_more_text\">Load More<\/span>\n                <\/button>\n            <\/div>\n            \t\t\t\t<\/div>\n\t\t\t\t<\/div>\n\t\t\t\t\t<\/div>\n\t\t<\/div>\n\t\t\t\t<div class=\"has_eae_slider elementor-column elementor-col-50 elementor-top-column elementor-element elementor-element-2ef9671\" data-eae-slider=\"29132\" data-id=\"2ef9671\" data-element_type=\"column\" data-e-type=\"column\">\n\t\t\t<div class=\"elementor-widget-wrap elementor-element-populated\">\n\t\t\t\t\t\t<div class=\"elementor-element elementor-element-eeab28e elementor-widget elementor-widget-sidebar\" data-id=\"eeab28e\" data-element_type=\"widget\" data-e-type=\"widget\" data-widget_type=\"sidebar.default\">\n\t\t\t\t<div class=\"elementor-widget-container\">\n\t\t\t\t\t<aside id=\"block-2\" class=\"widget widget_block widget_search\"><form role=\"search\" method=\"get\" action=\"https:\/\/climactic.fpce.up.pt\/en\/\" class=\"wp-block-search__button-outside wp-block-search__text-button aligncenter wp-block-search\"    ><label class=\"wp-block-search__label screen-reader-text\" for=\"wp-block-search__input-1\" >Search<\/label><div class=\"wp-block-search__inside-wrapper\"  style=\"width: 350px\"><input class=\"wp-block-search__input\" id=\"wp-block-search__input-1\" placeholder=\"\" value=\"\" type=\"search\" name=\"s\" required \/><button aria-label=\"Search\" class=\"wp-block-search__button has-text-color has-white-color has-background wp-element-button\" type=\"submit\"  style=\"background-color: #3b4ad5\">Search<\/button><\/div><\/form><\/aside><aside id=\"block-3\" class=\"widget widget_block\">\n<div class=\"wp-block-group is-layout-flow wp-block-group-is-layout-flow\"><div class=\"wp-block-group__inner-container\">\n<h4 class=\"wp-block-heading\"><strong>Artigos recentes<\/strong><\/h4>\n\n\n<ul class=\"wp-block-latest-posts__list has-dates has-author wp-block-latest-posts\"><li><a class=\"wp-block-latest-posts__post-title\" href=\"https:\/\/climactic.fpce.up.pt\/en\/2024\/06\/11\/artigos-em-revistas-avaliadas-por-pares-e-indexadas\/\">Artigos em revistas avaliadas por pares e indexadas<\/a><div class=\"wp-block-latest-posts__post-author\">by Equipa ClimActiC<\/div><time datetime=\"2024-06-11T12:47:37+00:00\" class=\"wp-block-latest-posts__post-date\">11 de June, 2024<\/time><\/li>\n<li><a class=\"wp-block-latest-posts__post-title\" href=\"https:\/\/climactic.fpce.up.pt\/en\/2024\/06\/11\/artigos-em-atas-de-conferencias-avaliadas-por-pares\/\">Artigos em atas de confer\u00eancias avaliadas por pares<\/a><div class=\"wp-block-latest-posts__post-author\">by Equipa ClimActiC<\/div><time datetime=\"2024-06-11T12:46:12+00:00\" class=\"wp-block-latest-posts__post-date\">11 de June, 2024<\/time><\/li>\n<li><a class=\"wp-block-latest-posts__post-title\" href=\"https:\/\/climactic.fpce.up.pt\/en\/2024\/06\/11\/trabalhos-das-escolas-no-mural-padlet\/\">Trabalhos das escolas no mural Padlet<\/a><div class=\"wp-block-latest-posts__post-author\">by Equipa ClimActiC<\/div><time datetime=\"2024-06-11T12:43:21+00:00\" class=\"wp-block-latest-posts__post-date\">11 de June, 2024<\/time><\/li>\n<li><a class=\"wp-block-latest-posts__post-title\" href=\"https:\/\/climactic.fpce.up.pt\/en\/2024\/06\/11\/comunicacoes-em-conferencias\/\">Comunica\u00e7\u00f5es em confer\u00eancias<\/a><div class=\"wp-block-latest-posts__post-author\">by Equipa ClimActiC<\/div><time datetime=\"2024-06-11T11:31:54+00:00\" class=\"wp-block-latest-posts__post-date\">11 de June, 2024<\/time><\/li>\n<li><a class=\"wp-block-latest-posts__post-title\" href=\"https:\/\/climactic.fpce.up.pt\/en\/2024\/06\/11\/dissertacoes-de-mestrado\/\">Disserta\u00e7\u00f5es de mestrado<\/a><div class=\"wp-block-latest-posts__post-author\">by Equipa ClimActiC<\/div><time datetime=\"2024-06-11T11:28:21+00:00\" class=\"wp-block-latest-posts__post-date\">11 de June, 2024<\/time><\/li>\n<\/ul><\/div><\/div>\n<\/aside><aside id=\"block-4\" class=\"widget widget_block\">\n<div class=\"wp-block-group is-layout-flow wp-block-group-is-layout-flow\"><div class=\"wp-block-group__inner-container\">\n<h4 class=\"wp-block-heading\"><strong>Coment\u00e1rios recentes<\/strong><\/h4>\n<\/div><\/div>\n<\/aside>\t\t\t\t<\/div>\n\t\t\t\t<\/div>\n\t\t\t\t\t<\/div>\n\t\t<\/div>\n\t\t\t\t\t<\/div>\n\t\t<\/section>\n\t\t\t\t<\/div>\n\t\t","protected":false},"excerpt":{"rendered":"<p>\/*! elementor &#8211; v3.13.3 &#8211; 28-05-2023 *\/ .elementor-heading-title{padding:0;margin:0;line-height:1}.elementor-widget-heading .elementor-heading-title[class*=elementor-size-]&gt;a{color:inherit;font-size:inherit;line-height:inherit}.elementor-widget-heading .elementor-heading-title.elementor-size-small{font-size:15px}.elementor-widget-heading .elementor-heading-title.elementor-size-medium{font-size:19px}.elementor-widget-heading .elementor-heading-title.elementor-size-large{font-size:29px}.elementor-widget-heading .elementor-heading-title.elementor-size-xl{font-size:39px}.elementor-widget-heading .elementor-heading-title.elementor-size-xxl{font-size:59px} Produtos ClimActiC apresenta comunica\u00e7\u00e3o sobre potencialidades de metodologias participativas para refor\u00e7ar o papel da juventude na adapta\u00e7\u00e3o clim\u00e1tica Investigadoras do projeto ClimActiC apresentaram uma comunica\u00e7\u00e3o oral e publicaram um artigo no \u00e2mbito do INTED2023: 17th annual International Technology, Education and Development [&hellip;]<\/p>\n","protected":false},"author":1624,"featured_media":0,"parent":0,"menu_order":0,"comment_status":"closed","ping_status":"closed","template":"","meta":{"site-sidebar-layout":"no-sidebar","site-content-layout":"page-builder","ast-site-content-layout":"default","site-content-style":"default","site-sidebar-style":"default","ast-global-header-display":"","ast-banner-title-visibility":"","ast-main-header-display":"","ast-hfb-above-header-display":"","ast-hfb-below-header-display":"","ast-hfb-mobile-header-display":"","site-post-title":"disabled","ast-breadcrumbs-content":"","ast-featured-img":"disabled","footer-sml-layout":"","ast-disable-related-posts":"","theme-transparent-header-meta":"","adv-header-id-meta":"","stick-header-meta":"","header-above-stick-meta":"","header-main-stick-meta":"","header-below-stick-meta":"","astra-migrate-meta-layouts":"default","ast-page-background-enabled":"default","ast-page-background-meta":{"desktop":{"background-color":"var(--ast-global-color-4)","background-image":"","background-repeat":"repeat","background-position":"center center","background-size":"auto","background-attachment":"scroll","background-type":"","background-media":"","overlay-type":"","overlay-color":"","overlay-opacity":"","overlay-gradient":""},"tablet":{"background-color":"","background-image":"","background-repeat":"repeat","background-position":"center center","background-size":"auto","background-attachment":"scroll","background-type":"","background-media":"","overlay-type":"","overlay-color":"","overlay-opacity":"","overlay-gradient":""},"mobile":{"background-color":"","background-image":"","background-repeat":"repeat","background-position":"center center","background-size":"auto","background-attachment":"scroll","background-type":"","background-media":"","overlay-type":"","overlay-color":"","overlay-opacity":"","overlay-gradient":""}},"ast-content-background-meta":{"desktop":{"background-color":"var(--ast-global-color-5)","background-image":"","background-repeat":"repeat","background-position":"center center","background-size":"auto","background-attachment":"scroll","background-type":"","background-media":"","overlay-type":"","overlay-color":"","overlay-opacity":"","overlay-gradient":""},"tablet":{"background-color":"var(--ast-global-color-5)","background-image":"","background-repeat":"repeat","background-position":"center center","background-size":"auto","background-attachment":"scroll","background-type":"","background-media":"","overlay-type":"","overlay-color":"","overlay-opacity":"","overlay-gradient":""},"mobile":{"background-color":"var(--ast-global-color-5)","background-image":"","background-repeat":"repeat","background-position":"center center","background-size":"auto","background-attachment":"scroll","background-type":"","background-media":"","overlay-type":"","overlay-color":"","overlay-opacity":"","overlay-gradient":""}},"footnotes":""},"class_list":["post-83","page","type-page","status-publish","hentry"],"_links":{"self":[{"href":"https:\/\/climactic.fpce.up.pt\/en\/wp-json\/wp\/v2\/pages\/83","targetHints":{"allow":["GET"]}}],"collection":[{"href":"https:\/\/climactic.fpce.up.pt\/en\/wp-json\/wp\/v2\/pages"}],"about":[{"href":"https:\/\/climactic.fpce.up.pt\/en\/wp-json\/wp\/v2\/types\/page"}],"author":[{"embeddable":true,"href":"https:\/\/climactic.fpce.up.pt\/en\/wp-json\/wp\/v2\/users\/1624"}],"replies":[{"embeddable":true,"href":"https:\/\/climactic.fpce.up.pt\/en\/wp-json\/wp\/v2\/comments?post=83"}],"version-history":[{"count":113,"href":"https:\/\/climactic.fpce.up.pt\/en\/wp-json\/wp\/v2\/pages\/83\/revisions"}],"predecessor-version":[{"id":3755,"href":"https:\/\/climactic.fpce.up.pt\/en\/wp-json\/wp\/v2\/pages\/83\/revisions\/3755"}],"wp:attachment":[{"href":"https:\/\/climactic.fpce.up.pt\/en\/wp-json\/wp\/v2\/media?parent=83"}],"curies":[{"name":"wp","href":"https:\/\/api.w.org\/{rel}","templated":true}]}}