{"id":74,"date":"2022-02-25T21:48:03","date_gmt":"2022-02-25T21:48:03","guid":{"rendered":"https:\/\/climactic.fpce.up.pt\/?page_id=74"},"modified":"2023-01-17T13:56:25","modified_gmt":"2023-01-17T13:56:25","slug":"parceiros","status":"publish","type":"page","link":"https:\/\/climactic.fpce.up.pt\/en\/parceiros\/","title":{"rendered":"Partners"},"content":{"rendered":"<div data-elementor-type=\"wp-page\" data-elementor-id=\"74\" class=\"elementor elementor-74\" data-elementor-post-type=\"page\">\n\t\t\t\t\t\t<section class=\"has_eae_slider elementor-section elementor-top-section elementor-element elementor-element-c4a4733 elementor-section-boxed elementor-section-height-default elementor-section-height-default\" data-eae-slider=\"796\" data-id=\"c4a4733\" data-element_type=\"section\" data-e-type=\"section\">\n\t\t\t\t\t\t<div class=\"elementor-container elementor-column-gap-default\">\n\t\t\t\t\t<div class=\"has_eae_slider elementor-column elementor-col-100 elementor-top-column elementor-element elementor-element-e409515\" data-eae-slider=\"23070\" data-id=\"e409515\" data-element_type=\"column\" data-e-type=\"column\">\n\t\t\t<div class=\"elementor-widget-wrap elementor-element-populated\">\n\t\t\t\t\t\t<div class=\"elementor-element elementor-element-bbba465 elementor-widget elementor-widget-heading\" data-id=\"bbba465\" data-element_type=\"widget\" data-e-type=\"widget\" data-widget_type=\"heading.default\">\n\t\t\t\t<div class=\"elementor-widget-container\">\n\t\t\t\t\t<h2 class=\"elementor-heading-title elementor-size-default\">Partners<\/h2>\t\t\t\t<\/div>\n\t\t\t\t<\/div>\n\t\t\t\t\t<\/div>\n\t\t<\/div>\n\t\t\t\t\t<\/div>\n\t\t<\/section>\n\t\t\t\t<section class=\"has_eae_slider elementor-section elementor-top-section elementor-element elementor-element-b5d4ecb elementor-section-stretched elementor-section-boxed elementor-section-height-default elementor-section-height-default\" data-eae-slider=\"81743\" data-id=\"b5d4ecb\" data-element_type=\"section\" data-e-type=\"section\" data-settings=\"{&quot;stretch_section&quot;:&quot;section-stretched&quot;}\">\n\t\t\t\t\t\t<div class=\"elementor-container elementor-column-gap-default\">\n\t\t\t\t\t<div class=\"has_eae_slider elementor-column elementor-col-100 elementor-top-column elementor-element elementor-element-57ff787\" data-eae-slider=\"89513\" data-id=\"57ff787\" data-element_type=\"column\" data-e-type=\"column\">\n\t\t\t<div class=\"elementor-widget-wrap elementor-element-populated\">\n\t\t\t\t\t\t<div class=\"elementor-element elementor-element-447a3c6 elementor-widget elementor-widget-text-editor\" data-id=\"447a3c6\" data-element_type=\"widget\" data-e-type=\"widget\" data-widget_type=\"text-editor.default\">\n\t\t\t\t<div class=\"elementor-widget-container\">\n\t\t\t\t\t\t\t\t\t<p><span style=\"text-decoration: underline\">Partners in the territories of the North region<\/span><\/p>\t\t\t\t\t\t\t\t<\/div>\n\t\t\t\t<\/div>\n\t\t\t\t<div class=\"elementor-element elementor-element-da12f97 elementor-widget elementor-widget-text-editor\" data-id=\"da12f97\" data-element_type=\"widget\" data-e-type=\"widget\" data-widget_type=\"text-editor.default\">\n\t\t\t\t<div class=\"elementor-widget-container\">\n\t\t\t\t\t\t\t\t\t<p>Alto Minho<\/p>\n<p><a href=\"http:\/\/www.cim-altominho.pt\/\" target=\"_blank\" rel=\"noopener\">CIM Alto Minho<\/a> | <a href=\"http:\/\/aecm.edu.pt\/index.php\" target=\"_blank\" rel=\"noopener\">AE Caminha<\/a> e <a href=\"http:\/\/94.126.169.120\/~ebsvncer\/index.php\" target=\"_blank\" rel=\"noopener\">AE Vila Nova de Cerveira<\/a><\/p>\n<p>C\u00e1vado<\/p>\n<p><a href=\"https:\/\/www.cimcavado.pt\/\" target=\"_blank\" rel=\"noopener\">CIM C\u00e1vado<\/a> | <a href=\"https:\/\/esvv.edu.pt\/escola\/\" target=\"_blank\" rel=\"noopener\">Escola Secund\u00e1ria de Vila Verde<\/a><\/p>\n<p>Ave<\/p>\n<p><a href=\"https:\/\/cim-ave.pt\" target=\"_blank\" rel=\"noopener\">CIM Ave<\/a> |&nbsp;<a href=\"https:\/\/www.aesancho.pt\/\" target=\"_blank\">AE D. Sancho I<\/a>&nbsp;(Vila Nova de Famalic\u00e3o)<\/p>\n<p>\u00c1rea Metropolitana do Porto<\/p>\n<p><a href=\"http:\/\/portal.amp.pt\/pt\/2\/temae\/473#FOCO_2\" target=\"_blank\" rel=\"noopener\">CIM \u00c1rea Metropolitana do Porto<\/a> | <a href=\"https:\/\/www.aegaianascente.pt\/\" target=\"_blank\" rel=\"noopener\">AE de Gaia Nascente<\/a> (Vila Nova de Gaia)<\/p>\n<p>Alto T\u00e2mega<\/p>\n<p><a href=\"https:\/\/cimat.pt\/\" target=\"_blank\" rel=\"noopener\">CIM Alto T\u00e2mega<\/a> | <a href=\"http:\/\/aejm.pt\/site\/\" target=\"_blank\" rel=\"noopener\">AE Dr. J\u00falio Martins<\/a> (Chaves)<\/p>\n<p>T\u00e2mega e Sousa<\/p>\n<p><a href=\"http:\/\/www.cimtamegaesousa.pt\/#\/\" target=\"_blank\" rel=\"noopener\">CIM T\u00e2mega e Sousa<\/a> | <a href=\"https:\/\/aefrazao.wixsite.com\/aefrazao\" target=\"_blank\" rel=\"noopener\">AE de Fraz\u00e3o<\/a> (Pa\u00e7os de Ferreira)<\/p>\n<p>Douro<\/p>\n<p><a href=\"https:\/\/cimdouro.pt\/\" target=\"_blank\" rel=\"noopener\">CIM Douro<\/a> | <a href=\"https:\/\/aejac.pt\/\" target=\"_blank\" rel=\"noopener\">AE Dr. Jo\u00e3o de Ara\u00fajo Correia<\/a> (Peso da R\u00e9gua)<\/p>\n<p>Terras de Tr\u00e1s-os-Montes<\/p>\n<p><a href=\"https:\/\/www.cim-ttm.pt\/\" target=\"_blank\" rel=\"noopener\">CIM Terras de Tr\u00e1s-os-Montes<\/a> | <a href=\"http:\/\/www.aemc.pt\/portal\/\" target=\"_blank\" rel=\"noopener\">AE de Macedo de Cavaleiros<\/a><\/p>\t\t\t\t\t\t\t\t<\/div>\n\t\t\t\t<\/div>\n\t\t\t\t\t<\/div>\n\t\t<\/div>\n\t\t\t\t\t<\/div>\n\t\t<\/section>\n\t\t\t\t<section class=\"has_eae_slider elementor-section elementor-top-section elementor-element elementor-element-969deba elementor-section-stretched elementor-section-boxed elementor-section-height-default elementor-section-height-default\" data-eae-slider=\"9298\" data-id=\"969deba\" data-element_type=\"section\" data-e-type=\"section\" data-settings=\"{&quot;stretch_section&quot;:&quot;section-stretched&quot;}\">\n\t\t\t\t\t\t<div class=\"elementor-container elementor-column-gap-default\">\n\t\t\t\t\t<div class=\"has_eae_slider elementor-column elementor-col-100 elementor-top-column elementor-element elementor-element-ce76e33\" data-eae-slider=\"94439\" data-id=\"ce76e33\" data-element_type=\"column\" data-e-type=\"column\">\n\t\t\t<div class=\"elementor-widget-wrap elementor-element-populated\">\n\t\t\t\t\t\t<div class=\"elementor-element elementor-element-0275572 elementor-widget elementor-widget-text-editor\" data-id=\"0275572\" data-element_type=\"widget\" data-e-type=\"widget\" data-widget_type=\"text-editor.default\">\n\t\t\t\t<div class=\"elementor-widget-container\">\n\t\t\t\t\t\t\t\t\t<p><span style=\"text-decoration: underline\">National partners<\/span><\/p>\t\t\t\t\t\t\t\t<\/div>\n\t\t\t\t<\/div>\n\t\t\t\t<div class=\"elementor-element elementor-element-eb36289 elementor-widget elementor-widget-text-editor\" data-id=\"eb36289\" data-element_type=\"widget\" data-e-type=\"widget\" data-widget_type=\"text-editor.default\">\n\t\t\t\t<div class=\"elementor-widget-container\">\n\t\t\t\t\t\t\t\t\t<p><a href=\"https:\/\/www.spq.pt\/\" target=\"_blank\" rel=\"noopener\">SPQ | Sociedade Portuguesa de Qu\u00edmica<\/a><\/p><p><a href=\"http:\/\/www.spce.org.pt\/\" target=\"_blank\" rel=\"noopener\">SPCE | Sociedade Portuguesa de Ci\u00eancias da Educa\u00e7\u00e3o<\/a><\/p>\t\t\t\t\t\t\t\t<\/div>\n\t\t\t\t<\/div>\n\t\t\t\t\t<\/div>\n\t\t<\/div>\n\t\t\t\t\t<\/div>\n\t\t<\/section>\n\t\t\t\t<section class=\"has_eae_slider elementor-section elementor-top-section elementor-element elementor-element-95aa1be elementor-section-boxed elementor-section-height-default elementor-section-height-default\" data-eae-slider=\"10888\" data-id=\"95aa1be\" data-element_type=\"section\" data-e-type=\"section\">\n\t\t\t\t\t\t<div class=\"elementor-container elementor-column-gap-default\">\n\t\t\t\t\t<div class=\"has_eae_slider elementor-column elementor-col-100 elementor-top-column elementor-element elementor-element-0ed084c\" data-eae-slider=\"33889\" data-id=\"0ed084c\" data-element_type=\"column\" data-e-type=\"column\">\n\t\t\t<div class=\"elementor-widget-wrap elementor-element-populated\">\n\t\t\t\t\t\t<div class=\"elementor-element elementor-element-755c028 elementor-widget elementor-widget-image\" data-id=\"755c028\" data-element_type=\"widget\" data-e-type=\"widget\" data-widget_type=\"image.default\">\n\t\t\t\t<div class=\"elementor-widget-container\">\n\t\t\t\t\t\t\t\t\t\t\t\t\t\t\t<img fetchpriority=\"high\" decoding=\"async\" width=\"768\" height=\"464\" src=\"https:\/\/climactic.fpce.up.pt\/wp-content\/uploads\/sites\/900\/2022\/02\/mapa-parceiros-768x464.png\" class=\"attachment-medium_large size-medium_large wp-image-778\" alt=\"\" srcset=\"https:\/\/climactic.fpce.up.pt\/wp-content\/uploads\/sites\/900\/2022\/02\/mapa-parceiros-768x464.png 768w, https:\/\/climactic.fpce.up.pt\/wp-content\/uploads\/sites\/900\/2022\/02\/mapa-parceiros-300x181.png 300w, https:\/\/climactic.fpce.up.pt\/wp-content\/uploads\/sites\/900\/2022\/02\/mapa-parceiros-1024x619.png 1024w, https:\/\/climactic.fpce.up.pt\/wp-content\/uploads\/sites\/900\/2022\/02\/mapa-parceiros.png 1200w\" sizes=\"(max-width: 768px) 100vw, 768px\" \/>\t\t\t\t\t\t\t\t\t\t\t\t\t\t\t<\/div>\n\t\t\t\t<\/div>\n\t\t\t\t\t<\/div>\n\t\t<\/div>\n\t\t\t\t\t<\/div>\n\t\t<\/section>\n\t\t\t\t<\/div>","protected":false},"excerpt":{"rendered":"<p>\/*! elementor &#8211; v3.10.0 &#8211; 09-01-2023 *\/ .elementor-heading-title{padding:0;margin:0;line-height:1}.elementor-widget-heading .elementor-heading-title[class*=elementor-size-]&gt;a{color:inherit;font-size:inherit;line-height:inherit}.elementor-widget-heading .elementor-heading-title.elementor-size-small{font-size:15px}.elementor-widget-heading .elementor-heading-title.elementor-size-medium{font-size:19px}.elementor-widget-heading .elementor-heading-title.elementor-size-large{font-size:29px}.elementor-widget-heading .elementor-heading-title.elementor-size-xl{font-size:39px}.elementor-widget-heading .elementor-heading-title.elementor-size-xxl{font-size:59px} Parceiros Parceiros nos territ\u00f3rios da regi\u00e3o Norte Alto Minho CIM Alto Minho | AE Caminha e AE Vila Nova de Cerveira C\u00e1vado CIM C\u00e1vado | Escola Secund\u00e1ria de Vila Verde Ave CIM Ave |&nbsp;AE D. Sancho I&nbsp;(Vila Nova de Famalic\u00e3o) \u00c1rea [&hellip;]<\/p>\n","protected":false},"author":1624,"featured_media":0,"parent":0,"menu_order":0,"comment_status":"closed","ping_status":"closed","template":"","meta":{"site-sidebar-layout":"no-sidebar","site-content-layout":"page-builder","ast-site-content-layout":"default","site-content-style":"default","site-sidebar-style":"default","ast-global-header-display":"","ast-banner-title-visibility":"","ast-main-header-display":"","ast-hfb-above-header-display":"","ast-hfb-below-header-display":"","ast-hfb-mobile-header-display":"","site-post-title":"disabled","ast-breadcrumbs-content":"","ast-featured-img":"disabled","footer-sml-layout":"","ast-disable-related-posts":"","theme-transparent-header-meta":"","adv-header-id-meta":"","stick-header-meta":"","header-above-stick-meta":"","header-main-stick-meta":"","header-below-stick-meta":"","astra-migrate-meta-layouts":"default","ast-page-background-enabled":"default","ast-page-background-meta":{"desktop":{"background-color":"var(--ast-global-color-4)","background-image":"","background-repeat":"repeat","background-position":"center center","background-size":"auto","background-attachment":"scroll","background-type":"","background-media":"","overlay-type":"","overlay-color":"","overlay-opacity":"","overlay-gradient":""},"tablet":{"background-color":"","background-image":"","background-repeat":"repeat","background-position":"center center","background-size":"auto","background-attachment":"scroll","background-type":"","background-media":"","overlay-type":"","overlay-color":"","overlay-opacity":"","overlay-gradient":""},"mobile":{"background-color":"","background-image":"","background-repeat":"repeat","background-position":"center center","background-size":"auto","background-attachment":"scroll","background-type":"","background-media":"","overlay-type":"","overlay-color":"","overlay-opacity":"","overlay-gradient":""}},"ast-content-background-meta":{"desktop":{"background-color":"var(--ast-global-color-5)","background-image":"","background-repeat":"repeat","background-position":"center center","background-size":"auto","background-attachment":"scroll","background-type":"","background-media":"","overlay-type":"","overlay-color":"","overlay-opacity":"","overlay-gradient":""},"tablet":{"background-color":"var(--ast-global-color-5)","background-image":"","background-repeat":"repeat","background-position":"center center","background-size":"auto","background-attachment":"scroll","background-type":"","background-media":"","overlay-type":"","overlay-color":"","overlay-opacity":"","overlay-gradient":""},"mobile":{"background-color":"var(--ast-global-color-5)","background-image":"","background-repeat":"repeat","background-position":"center center","background-size":"auto","background-attachment":"scroll","background-type":"","background-media":"","overlay-type":"","overlay-color":"","overlay-opacity":"","overlay-gradient":""}},"footnotes":""},"class_list":["post-74","page","type-page","status-publish","hentry"],"_links":{"self":[{"href":"https:\/\/climactic.fpce.up.pt\/en\/wp-json\/wp\/v2\/pages\/74","targetHints":{"allow":["GET"]}}],"collection":[{"href":"https:\/\/climactic.fpce.up.pt\/en\/wp-json\/wp\/v2\/pages"}],"about":[{"href":"https:\/\/climactic.fpce.up.pt\/en\/wp-json\/wp\/v2\/types\/page"}],"author":[{"embeddable":true,"href":"https:\/\/climactic.fpce.up.pt\/en\/wp-json\/wp\/v2\/users\/1624"}],"replies":[{"embeddable":true,"href":"https:\/\/climactic.fpce.up.pt\/en\/wp-json\/wp\/v2\/comments?post=74"}],"version-history":[{"count":70,"href":"https:\/\/climactic.fpce.up.pt\/en\/wp-json\/wp\/v2\/pages\/74\/revisions"}],"predecessor-version":[{"id":3594,"href":"https:\/\/climactic.fpce.up.pt\/en\/wp-json\/wp\/v2\/pages\/74\/revisions\/3594"}],"wp:attachment":[{"href":"https:\/\/climactic.fpce.up.pt\/en\/wp-json\/wp\/v2\/media?parent=74"}],"curies":[{"name":"wp","href":"https:\/\/api.w.org\/{rel}","templated":true}]}}