{"id":2765,"date":"2022-03-08T21:55:20","date_gmt":"2022-03-08T21:55:20","guid":{"rendered":"https:\/\/climactic.fpce.up.pt\/?page_id=2765"},"modified":"2022-03-11T12:07:39","modified_gmt":"2022-03-11T12:07:39","slug":"atividades","status":"publish","type":"page","link":"https:\/\/climactic.fpce.up.pt\/en\/atividades\/","title":{"rendered":"Activities"},"content":{"rendered":"\t\t<div data-elementor-type=\"wp-page\" data-elementor-id=\"2765\" class=\"elementor elementor-2765\" data-elementor-post-type=\"page\">\n\t\t\t\t\t\t<section class=\"has_eae_slider elementor-section elementor-top-section elementor-element elementor-element-f2d72bf elementor-section-boxed elementor-section-height-default elementor-section-height-default\" data-eae-slider=\"78388\" data-id=\"f2d72bf\" data-element_type=\"section\" data-e-type=\"section\">\n\t\t\t\t\t\t<div class=\"elementor-container elementor-column-gap-default\">\n\t\t\t\t\t<div class=\"has_eae_slider elementor-column elementor-col-100 elementor-top-column elementor-element elementor-element-3c0291b\" data-eae-slider=\"90212\" data-id=\"3c0291b\" data-element_type=\"column\" data-e-type=\"column\">\n\t\t\t<div class=\"elementor-widget-wrap elementor-element-populated\">\n\t\t\t\t\t\t<div class=\"elementor-element elementor-element-651bee8 elementor-widget elementor-widget-heading\" data-id=\"651bee8\" data-element_type=\"widget\" data-e-type=\"widget\" data-widget_type=\"heading.default\">\n\t\t\t\t<div class=\"elementor-widget-container\">\n\t\t\t\t\t<h2 class=\"elementor-heading-title elementor-size-default\">Atividades<\/h2>\t\t\t\t<\/div>\n\t\t\t\t<\/div>\n\t\t\t\t\t<\/div>\n\t\t<\/div>\n\t\t\t\t\t<\/div>\n\t\t<\/section>\n\t\t\t\t<section class=\"has_eae_slider elementor-section elementor-top-section elementor-element elementor-element-566b51d elementor-section-boxed elementor-section-height-default elementor-section-height-default\" data-eae-slider=\"63641\" data-id=\"566b51d\" data-element_type=\"section\" data-e-type=\"section\">\n\t\t\t\t\t\t<div class=\"elementor-container elementor-column-gap-default\">\n\t\t\t\t\t<div class=\"has_eae_slider elementor-column elementor-col-50 elementor-top-column elementor-element elementor-element-20e9bca\" data-eae-slider=\"95019\" data-id=\"20e9bca\" data-element_type=\"column\" data-e-type=\"column\">\n\t\t\t<div class=\"elementor-widget-wrap elementor-element-populated\">\n\t\t\t\t\t\t<div class=\"elementor-element elementor-element-01cec08 elementor-grid-eael-col-1 elementor-grid-tablet-eael-col-2 elementor-grid-mobile-eael-col-1 elementor-widget elementor-widget-eael-post-grid\" data-id=\"01cec08\" data-element_type=\"widget\" data-e-type=\"widget\" data-settings=\"{&quot;eael_post_grid_columns&quot;:&quot;eael-col-1&quot;,&quot;eael_post_grid_columns_tablet&quot;:&quot;eael-col-2&quot;,&quot;eael_post_grid_columns_mobile&quot;:&quot;eael-col-1&quot;}\" data-widget_type=\"eael-post-grid.default\">\n\t\t\t\t<div class=\"elementor-widget-container\">\n\t\t\t\t\t<div id=\"eael-post-grid-01cec08\" class=\"eael-post-grid-container\">\n            <div class=\"eael-post-grid eael-post-appender eael-post-appender-01cec08 eael-post-grid-style-one\" data-layout-mode=\"masonry\"><article class=\"eael-grid-post  eael-post-grid-column eael-pg-post-3645 category-atividades tags-adaptacao-climatica-ae-dom-sancho-i-forum-comunitario-projeto-climactic-vila-nova-de-famalicao\" data-id=\"3645\">\n        <div class=\"eael-grid-post-holder\">\n            <div class=\"eael-grid-post-holder-inner\"><div class=\"eael-entry-wrapper\"><header class=\"eael-entry-header\"><h2 class=\"eael-entry-title\"><a class=\"eael-grid-post-link\" href=\"https:\/\/climactic.fpce.up.pt\/en\/2023\/06\/07\/ae-d-sancho-i-realiza-forum-comunitario-sobre-adaptacao-climatica-em-vila-nova-de-famalicao-no-ambito-do-climactic\/\" title=\"AE D. Sancho I realiza F\u00f3rum Comunit\u00e1rio sobre adapta\u00e7\u00e3o clim\u00e1tica em Vila Nova de Famalic\u00e3o no \u00e2mbito do ClimActiC\">AE D. Sancho I realiza F\u00f3rum Comunit\u00e1rio sobre adapta\u00e7\u00e3o clim\u00e1tica em Vila Nova de Famalic\u00e3o no \u00e2mbito do ClimActiC<\/a><\/h2><\/header><div class=\"eael-entry-content\">\n                        <div class=\"eael-grid-post-excerpt\"><p>O Agrupamento de Escolas Dom Sancho I, em Vila Nova de Famalic\u00e3o, realizou no dia 5 de junho, entre as 18h30 e as 20h00, o F\u00f3rum Comunit\u00e1rio no \u00e2mbito do Projeto ClimActiC. O evento foi organizado por professoras e estudantes das turmas 1202 e 1203. Al\u00e9m da presen\u00e7a de estudantes e das professoras envolvidas, o [&hellip;]<\/p><\/div>\n                    <\/div><div class=\"eael-entry-footer\"><div class=\"eael-author-avatar\"><a href=\"https:\/\/climactic.fpce.up.pt\/en\/author\/climacticadmin\/\"><img alt='Equipa ClimActiC' src='https:\/\/secure.gravatar.com\/avatar\/a29cb2ee665e4bdf8934cc6c2764b04a0cab5fabb8665ac174def51f39e46063?s=96&#038;d=mm&#038;r=g' srcset='https:\/\/secure.gravatar.com\/avatar\/a29cb2ee665e4bdf8934cc6c2764b04a0cab5fabb8665ac174def51f39e46063?s=192&#038;d=mm&#038;r=g 2x' class='avatar avatar-96 photo' height='96' width='96' \/><\/a><\/div><div class=\"eael-entry-meta\"><span class=\"eael-posted-by\"><a href=\"https:\/\/climactic.fpce.up.pt\/en\/author\/climacticadmin\/\" title=\"Posts by Equipa ClimActiC\" rel=\"author\">Equipa ClimActiC<\/a><\/span><span class=\"eael-posted-on\"><time datetime=\"7 de June, 2023\">7 de June, 2023<\/time><\/span><\/div><\/div><\/div><\/div>\n        <\/div>\n    <\/article><article class=\"eael-grid-post  eael-post-grid-column eael-pg-post-3637 category-atividades tags-adaptacao-climatica-forum-comunitario-peso-da-regua-projeto-climactic-rdd-regiao-do-douro\" data-id=\"3637\">\n        <div class=\"eael-grid-post-holder\">\n            <div class=\"eael-grid-post-holder-inner\"><div class=\"eael-entry-wrapper\"><header class=\"eael-entry-header\"><h2 class=\"eael-entry-title\"><a class=\"eael-grid-post-link\" href=\"https:\/\/climactic.fpce.up.pt\/en\/2023\/06\/07\/forum-comunitario-sobre-adaptacao-climatica-na-regiao-do-douro-e-realizado-pelo-agrupamento-de-escolas-joao-araujo-correia-no-ambito-do-climactic\/\" title=\"F\u00f3rum Comunit\u00e1rio sobre adapta\u00e7\u00e3o clim\u00e1tica na regi\u00e3o do Douro \u00e9 realizado pelo Agrupamento de Escolas Jo\u00e3o Ara\u00fajo Correia no \u00e2mbito do ClimActiC\">F\u00f3rum Comunit\u00e1rio sobre adapta\u00e7\u00e3o clim\u00e1tica na regi\u00e3o do Douro \u00e9 realizado pelo Agrupamento de Escolas Jo\u00e3o Ara\u00fajo Correia no \u00e2mbito do ClimActiC<\/a><\/h2><\/header><div class=\"eael-entry-content\">\n                        <div class=\"eael-grid-post-excerpt\"><p>Aproximadamente 200 pessoas reuniram-se no F\u00f3rum Comunit\u00e1rio &#8211; Plano de Adapta\u00e7\u00e3o Clim\u00e1tica na RDD, em 19 de maio, no Teatrinho Reguense, em Peso da R\u00e9gua. Promovido pelo Agrupamento de Escolas Jo\u00e3o Ara\u00fajo Correia (AEJAC), o evento teve a organiza\u00e7\u00e3o de estudantes do 10\u00ba (turmas B e E) e 11\u00ba ano (turma C), al\u00e9m dos e [&hellip;]<\/p><\/div>\n                    <\/div><div class=\"eael-entry-footer\"><div class=\"eael-author-avatar\"><a href=\"https:\/\/climactic.fpce.up.pt\/en\/author\/climacticadmin\/\"><img alt='Equipa ClimActiC' src='https:\/\/secure.gravatar.com\/avatar\/a29cb2ee665e4bdf8934cc6c2764b04a0cab5fabb8665ac174def51f39e46063?s=96&#038;d=mm&#038;r=g' srcset='https:\/\/secure.gravatar.com\/avatar\/a29cb2ee665e4bdf8934cc6c2764b04a0cab5fabb8665ac174def51f39e46063?s=192&#038;d=mm&#038;r=g 2x' class='avatar avatar-96 photo' height='96' width='96' \/><\/a><\/div><div class=\"eael-entry-meta\"><span class=\"eael-posted-by\"><a href=\"https:\/\/climactic.fpce.up.pt\/en\/author\/climacticadmin\/\" title=\"Posts by Equipa ClimActiC\" rel=\"author\">Equipa ClimActiC<\/a><\/span><span class=\"eael-posted-on\"><time datetime=\"7 de June, 2023\">7 de June, 2023<\/time><\/span><\/div><\/div><\/div><\/div>\n        <\/div>\n    <\/article><article class=\"eael-grid-post  eael-post-grid-column eael-pg-post-3614 category-atividades tags-adaptacao-climatica-educacao-climatica-norte-de-portugal-projeto-climactic-educacao-para-as-alteracoes-climaticas-jornal-publico\" data-id=\"3614\">\n        <div class=\"eael-grid-post-holder\">\n            <div class=\"eael-grid-post-holder-inner\"><div class=\"eael-entry-wrapper\"><header class=\"eael-entry-header\"><h2 class=\"eael-entry-title\"><a class=\"eael-grid-post-link\" href=\"https:\/\/climactic.fpce.up.pt\/en\/2023\/05\/17\/projeto-climactic-e-destaque-no-jornal-publico\/\" title=\"Projeto ClimActiC \u00e9 destaque no Jornal P\u00fablico\">Projeto ClimActiC \u00e9 destaque no Jornal P\u00fablico<\/a><\/h2><\/header><div class=\"eael-entry-content\">\n                        <div class=\"eael-grid-post-excerpt\"><p>A rep\u00f3rter Renata Mendes, da coluna Azul, publicou no jornal P\u00fablico uma not\u00edcia sobre o Projeto ClimActiC, com destaque para o Semin\u00e1rio Final realizado no dia 5 de maio, na Faculdade de Psicologia e Ci\u00eancias da Educa\u00e7\u00e3o da Universidade do Porto (FPCEUP). A not\u00edcia destaca que o projeto p\u00f4s 350 alunos a discutir problemas ambientais [&hellip;]<\/p><\/div>\n                    <\/div><div class=\"eael-entry-footer\"><div class=\"eael-author-avatar\"><a href=\"https:\/\/climactic.fpce.up.pt\/en\/author\/climacticadmin\/\"><img alt='Equipa ClimActiC' src='https:\/\/secure.gravatar.com\/avatar\/a29cb2ee665e4bdf8934cc6c2764b04a0cab5fabb8665ac174def51f39e46063?s=96&#038;d=mm&#038;r=g' srcset='https:\/\/secure.gravatar.com\/avatar\/a29cb2ee665e4bdf8934cc6c2764b04a0cab5fabb8665ac174def51f39e46063?s=192&#038;d=mm&#038;r=g 2x' class='avatar avatar-96 photo' height='96' width='96' \/><\/a><\/div><div class=\"eael-entry-meta\"><span class=\"eael-posted-by\"><a href=\"https:\/\/climactic.fpce.up.pt\/en\/author\/climacticadmin\/\" title=\"Posts by Equipa ClimActiC\" rel=\"author\">Equipa ClimActiC<\/a><\/span><span class=\"eael-posted-on\"><time datetime=\"17 de May, 2023\">17 de May, 2023<\/time><\/span><\/div><\/div><\/div><\/div>\n        <\/div>\n    <\/article><article class=\"eael-grid-post  eael-post-grid-column eael-pg-post-3598 category-atividades tags-adaptacao-climatica-educacao-climatica-norte-de-portugal-projeto-climactic\" data-id=\"3598\">\n        <div class=\"eael-grid-post-holder\">\n            <div class=\"eael-grid-post-holder-inner\"><div class=\"eael-entry-wrapper\"><header class=\"eael-entry-header\"><h2 class=\"eael-entry-title\"><a class=\"eael-grid-post-link\" href=\"https:\/\/climactic.fpce.up.pt\/en\/2023\/05\/08\/ses\/\" title=\"Semin\u00e1rio Final re\u00fane estudantes e docentes de sete escolas de diferentes regi\u00f5es do Norte de Portugal\">Semin\u00e1rio Final re\u00fane estudantes e docentes de sete escolas de diferentes regi\u00f5es do Norte de Portugal<\/a><\/h2><\/header><div class=\"eael-entry-content\">\n                        <div class=\"eael-grid-post-excerpt\"><p>O Semin\u00e1rio Final do Projeto ClimActiC reuniu mais de 280 participantes, no passado dia 5 de maio, na Faculdade de Psicologia e Ci\u00eancias da Educa\u00e7\u00e3o da Universidade do Porto (FPCEUP). Participaram estudantes e docentes de 7 escolas de diferentes regi\u00f5es do Norte de Portugal, investigadores\/as e demais convidados\/as para apresentar e debater os resultados de [&hellip;]<\/p><\/div>\n                    <\/div><div class=\"eael-entry-footer\"><div class=\"eael-author-avatar\"><a href=\"https:\/\/climactic.fpce.up.pt\/en\/author\/climacticadmin\/\"><img alt='Equipa ClimActiC' src='https:\/\/secure.gravatar.com\/avatar\/a29cb2ee665e4bdf8934cc6c2764b04a0cab5fabb8665ac174def51f39e46063?s=96&#038;d=mm&#038;r=g' srcset='https:\/\/secure.gravatar.com\/avatar\/a29cb2ee665e4bdf8934cc6c2764b04a0cab5fabb8665ac174def51f39e46063?s=192&#038;d=mm&#038;r=g 2x' class='avatar avatar-96 photo' height='96' width='96' \/><\/a><\/div><div class=\"eael-entry-meta\"><span class=\"eael-posted-by\"><a href=\"https:\/\/climactic.fpce.up.pt\/en\/author\/climacticadmin\/\" title=\"Posts by Equipa ClimActiC\" rel=\"author\">Equipa ClimActiC<\/a><\/span><span class=\"eael-posted-on\"><time datetime=\"8 de May, 2023\">8 de May, 2023<\/time><\/span><\/div><\/div><\/div><\/div>\n        <\/div>\n    <\/article><\/div>\n            <div class=\"clearfix\"><\/div>\n        <\/div>            <div class=\"eael-load-more-button-wrap eael-force-hide\">\n                <button class=\"eael-load-more-button\" id=\"eael-load-more-btn-01cec08\" data-widget-id=\"01cec08\" data-widget=\"01cec08\" data-page-id=\"2765\" data-template=\"{&quot;dir&quot;:&quot;lite&quot;,&quot;file_name&quot;:&quot;one.php&quot;,&quot;name&quot;:&quot;Post-Grid&quot;}\" data-class=\"Essential_Addons_Elementor\\Elements\\Post_Grid\" data-layout=\"masonry\" data-page=\"1\" data-args=\"orderby=date&amp;order=desc&amp;ignore_sticky_posts=1&amp;post_status=publish&amp;posts_per_page=4&amp;offset=0&amp;post_type=post&amp;tax_query%5B0%5D%5Btaxonomy%5D=category&amp;tax_query%5B0%5D%5Bfield%5D=term_id&amp;tax_query%5B0%5D%5Bterms%5D%5B0%5D=13&amp;tax_query%5Brelation%5D=AND\" data-max-page=\"3\">\n                    <span class=\"eael-btn-loader button__loader\"><\/span>\n                    <span class=\"eael_load_more_text\">Load More<\/span>\n                <\/button>\n            <\/div>\n            \t\t\t\t<\/div>\n\t\t\t\t<\/div>\n\t\t\t\t\t<\/div>\n\t\t<\/div>\n\t\t\t\t<div class=\"has_eae_slider elementor-column elementor-col-50 elementor-top-column elementor-element elementor-element-0d5ea6e\" data-eae-slider=\"51411\" data-id=\"0d5ea6e\" data-element_type=\"column\" data-e-type=\"column\">\n\t\t\t<div class=\"elementor-widget-wrap elementor-element-populated\">\n\t\t\t\t\t\t<div class=\"elementor-element elementor-element-06d2689 elementor-widget elementor-widget-sidebar\" data-id=\"06d2689\" data-element_type=\"widget\" data-e-type=\"widget\" data-widget_type=\"sidebar.default\">\n\t\t\t\t<div class=\"elementor-widget-container\">\n\t\t\t\t\t<aside id=\"block-2\" class=\"widget widget_block widget_search\"><form role=\"search\" method=\"get\" action=\"https:\/\/climactic.fpce.up.pt\/en\/\" class=\"wp-block-search__button-outside wp-block-search__text-button aligncenter wp-block-search\"    ><label class=\"wp-block-search__label screen-reader-text\" for=\"wp-block-search__input-1\" >Search<\/label><div class=\"wp-block-search__inside-wrapper\"  style=\"width: 350px\"><input class=\"wp-block-search__input\" id=\"wp-block-search__input-1\" placeholder=\"\" value=\"\" type=\"search\" name=\"s\" required \/><button aria-label=\"Search\" class=\"wp-block-search__button has-text-color has-white-color has-background wp-element-button\" type=\"submit\"  style=\"background-color: #3b4ad5\">Search<\/button><\/div><\/form><\/aside><aside id=\"block-3\" class=\"widget widget_block\">\n<div class=\"wp-block-group is-layout-flow wp-block-group-is-layout-flow\"><div class=\"wp-block-group__inner-container\">\n<h4 class=\"wp-block-heading\"><strong>Artigos recentes<\/strong><\/h4>\n\n\n<ul class=\"wp-block-latest-posts__list has-dates has-author wp-block-latest-posts\"><li><a class=\"wp-block-latest-posts__post-title\" href=\"https:\/\/climactic.fpce.up.pt\/en\/2024\/06\/11\/artigos-em-revistas-avaliadas-por-pares-e-indexadas\/\">Artigos em revistas avaliadas por pares e indexadas<\/a><div class=\"wp-block-latest-posts__post-author\">by Equipa ClimActiC<\/div><time datetime=\"2024-06-11T12:47:37+00:00\" class=\"wp-block-latest-posts__post-date\">11 de June, 2024<\/time><\/li>\n<li><a class=\"wp-block-latest-posts__post-title\" href=\"https:\/\/climactic.fpce.up.pt\/en\/2024\/06\/11\/artigos-em-atas-de-conferencias-avaliadas-por-pares\/\">Artigos em atas de confer\u00eancias avaliadas por pares<\/a><div class=\"wp-block-latest-posts__post-author\">by Equipa ClimActiC<\/div><time datetime=\"2024-06-11T12:46:12+00:00\" class=\"wp-block-latest-posts__post-date\">11 de June, 2024<\/time><\/li>\n<li><a class=\"wp-block-latest-posts__post-title\" href=\"https:\/\/climactic.fpce.up.pt\/en\/2024\/06\/11\/trabalhos-das-escolas-no-mural-padlet\/\">Trabalhos das escolas no mural Padlet<\/a><div class=\"wp-block-latest-posts__post-author\">by Equipa ClimActiC<\/div><time datetime=\"2024-06-11T12:43:21+00:00\" class=\"wp-block-latest-posts__post-date\">11 de June, 2024<\/time><\/li>\n<li><a class=\"wp-block-latest-posts__post-title\" href=\"https:\/\/climactic.fpce.up.pt\/en\/2024\/06\/11\/comunicacoes-em-conferencias\/\">Comunica\u00e7\u00f5es em confer\u00eancias<\/a><div class=\"wp-block-latest-posts__post-author\">by Equipa ClimActiC<\/div><time datetime=\"2024-06-11T11:31:54+00:00\" class=\"wp-block-latest-posts__post-date\">11 de June, 2024<\/time><\/li>\n<li><a class=\"wp-block-latest-posts__post-title\" href=\"https:\/\/climactic.fpce.up.pt\/en\/2024\/06\/11\/dissertacoes-de-mestrado\/\">Disserta\u00e7\u00f5es de mestrado<\/a><div class=\"wp-block-latest-posts__post-author\">by Equipa ClimActiC<\/div><time datetime=\"2024-06-11T11:28:21+00:00\" class=\"wp-block-latest-posts__post-date\">11 de June, 2024<\/time><\/li>\n<\/ul><\/div><\/div>\n<\/aside><aside id=\"block-4\" class=\"widget widget_block\">\n<div class=\"wp-block-group is-layout-flow wp-block-group-is-layout-flow\"><div class=\"wp-block-group__inner-container\">\n<h4 class=\"wp-block-heading\"><strong>Coment\u00e1rios recentes<\/strong><\/h4>\n<\/div><\/div>\n<\/aside>\t\t\t\t<\/div>\n\t\t\t\t<\/div>\n\t\t\t\t\t<\/div>\n\t\t<\/div>\n\t\t\t\t\t<\/div>\n\t\t<\/section>\n\t\t\t\t<\/div>\n\t\t","protected":false},"excerpt":{"rendered":"<p>\/*! elementor &#8211; v3.5.6 &#8211; 28-02-2022 *\/ .elementor-heading-title{padding:0;margin:0;line-height:1}.elementor-widget-heading .elementor-heading-title[class*=elementor-size-]&gt;a{color:inherit;font-size:inherit;line-height:inherit}.elementor-widget-heading .elementor-heading-title.elementor-size-small{font-size:15px}.elementor-widget-heading .elementor-heading-title.elementor-size-medium{font-size:19px}.elementor-widget-heading .elementor-heading-title.elementor-size-large{font-size:29px}.elementor-widget-heading .elementor-heading-title.elementor-size-xl{font-size:39px}.elementor-widget-heading .elementor-heading-title.elementor-size-xxl{font-size:59px} Atividades In\u00edcio ao Curso de Forma\u00e7\u00e3o: Educa\u00e7\u00e3o para as altera\u00e7\u00f5es clim\u00e1ticas atrav\u00e9s de perfis comunit\u00e1rios No \u00e2mbito do Projeto ClimActiC: Criando Pontes entre Cidadania e Ci\u00eancia para a Adapta\u00e7\u00e3o Clim\u00e1tica, teve in\u00edcio, em 19 de janeiro, o curso de forma\u00e7\u00e3o&nbsp;Educa\u00e7\u00e3o para [&hellip;]<\/p>\n","protected":false},"author":1624,"featured_media":0,"parent":0,"menu_order":0,"comment_status":"closed","ping_status":"closed","template":"","meta":{"site-sidebar-layout":"no-sidebar","site-content-layout":"page-builder","ast-site-content-layout":"default","site-content-style":"default","site-sidebar-style":"default","ast-global-header-display":"","ast-banner-title-visibility":"","ast-main-header-display":"","ast-hfb-above-header-display":"","ast-hfb-below-header-display":"","ast-hfb-mobile-header-display":"","site-post-title":"disabled","ast-breadcrumbs-content":"","ast-featured-img":"disabled","footer-sml-layout":"","ast-disable-related-posts":"","theme-transparent-header-meta":"","adv-header-id-meta":"","stick-header-meta":"","header-above-stick-meta":"","header-main-stick-meta":"","header-below-stick-meta":"","astra-migrate-meta-layouts":"default","ast-page-background-enabled":"default","ast-page-background-meta":{"desktop":{"background-color":"var(--ast-global-color-4)","background-image":"","background-repeat":"repeat","background-position":"center center","background-size":"auto","background-attachment":"scroll","background-type":"","background-media":"","overlay-type":"","overlay-color":"","overlay-opacity":"","overlay-gradient":""},"tablet":{"background-color":"","background-image":"","background-repeat":"repeat","background-position":"center center","background-size":"auto","background-attachment":"scroll","background-type":"","background-media":"","overlay-type":"","overlay-color":"","overlay-opacity":"","overlay-gradient":""},"mobile":{"background-color":"","background-image":"","background-repeat":"repeat","background-position":"center center","background-size":"auto","background-attachment":"scroll","background-type":"","background-media":"","overlay-type":"","overlay-color":"","overlay-opacity":"","overlay-gradient":""}},"ast-content-background-meta":{"desktop":{"background-color":"var(--ast-global-color-5)","background-image":"","background-repeat":"repeat","background-position":"center center","background-size":"auto","background-attachment":"scroll","background-type":"","background-media":"","overlay-type":"","overlay-color":"","overlay-opacity":"","overlay-gradient":""},"tablet":{"background-color":"var(--ast-global-color-5)","background-image":"","background-repeat":"repeat","background-position":"center center","background-size":"auto","background-attachment":"scroll","background-type":"","background-media":"","overlay-type":"","overlay-color":"","overlay-opacity":"","overlay-gradient":""},"mobile":{"background-color":"var(--ast-global-color-5)","background-image":"","background-repeat":"repeat","background-position":"center center","background-size":"auto","background-attachment":"scroll","background-type":"","background-media":"","overlay-type":"","overlay-color":"","overlay-opacity":"","overlay-gradient":""}},"footnotes":""},"class_list":["post-2765","page","type-page","status-publish","hentry"],"_links":{"self":[{"href":"https:\/\/climactic.fpce.up.pt\/en\/wp-json\/wp\/v2\/pages\/2765","targetHints":{"allow":["GET"]}}],"collection":[{"href":"https:\/\/climactic.fpce.up.pt\/en\/wp-json\/wp\/v2\/pages"}],"about":[{"href":"https:\/\/climactic.fpce.up.pt\/en\/wp-json\/wp\/v2\/types\/page"}],"author":[{"embeddable":true,"href":"https:\/\/climactic.fpce.up.pt\/en\/wp-json\/wp\/v2\/users\/1624"}],"replies":[{"embeddable":true,"href":"https:\/\/climactic.fpce.up.pt\/en\/wp-json\/wp\/v2\/comments?post=2765"}],"version-history":[{"count":49,"href":"https:\/\/climactic.fpce.up.pt\/en\/wp-json\/wp\/v2\/pages\/2765\/revisions"}],"predecessor-version":[{"id":3050,"href":"https:\/\/climactic.fpce.up.pt\/en\/wp-json\/wp\/v2\/pages\/2765\/revisions\/3050"}],"wp:attachment":[{"href":"https:\/\/climactic.fpce.up.pt\/en\/wp-json\/wp\/v2\/media?parent=2765"}],"curies":[{"name":"wp","href":"https:\/\/api.w.org\/{rel}","templated":true}]}}